{"id":4124,"date":"2019-06-10T11:23:36","date_gmt":"2019-06-10T09:23:36","guid":{"rendered":"http:\/\/www.fiasa.es\/karriere\/"},"modified":"2022-03-10T11:49:37","modified_gmt":"2022-03-10T10:49:37","slug":"karriere","status":"publish","type":"page","link":"https:\/\/www.fiasa.es\/de\/karriere\/","title":{"rendered":"Karriere"},"content":{"rendered":"\n<style type=\"text\/css\" data-created_by=\"avia_inline_auto\" id=\"style-css-av-jb90an-6fb9aeab051e9bb0627c4b764cd260a3\">\n.avia-section.av-jb90an-6fb9aeab051e9bb0627c4b764cd260a3{\nbackground-repeat:no-repeat;\nbackground-image:url(https:\/\/www.fiasa.es\/wp-content\/uploads\/2016\/02\/Fiasa-fondo-1.jpg);\nbackground-position:50% 100%;\nbackground-attachment:scroll;\n}\n<\/style>\n<div id='fondo-cabecera'  class='avia-section av-jb90an-6fb9aeab051e9bb0627c4b764cd260a3 main_color avia-section-default avia-no-shadow  avia-builder-el-0  el_before_av_one_half  avia-builder-el-first  avia-full-stretch avia-bg-style-scroll av-minimum-height av-minimum-height-25  container_wrap sidebar_right'  data-section-bg-repeat='stretch' data-av_minimum_height_pc='25'><div class='container av-section-cont-open' ><main  role=\"main\" itemprop=\"mainContentOfPage\"  class='template-page content  av-content-small alpha units'><div class='post-entry post-entry-type-page post-entry-4124'><div class='entry-content-wrapper clearfix'>\n\n<style type=\"text\/css\" data-created_by=\"avia_inline_auto\" id=\"style-css-av-guwx9r-2ab7f79d62f356b46fdd29c4fde0bc95\">\n.flex_column.av-guwx9r-2ab7f79d62f356b46fdd29c4fde0bc95{\n-webkit-border-radius:0px 0px 0px 0px;\n-moz-border-radius:0px 0px 0px 0px;\nborder-radius:0px 0px 0px 0px;\npadding:0px 0px 0px 0px;\n}\n<\/style>\n<div class='flex_column av-guwx9r-2ab7f79d62f356b46fdd29c4fde0bc95 av_one_half  avia-builder-el-1  avia-builder-el-no-sibling  first flex_column_div av-zero-column-padding '     ><section  class='av_textblock_section av-fc5whb-d708f5813f556783a8218d7e7db9c3e9'  itemscope=\"itemscope\" itemtype=\"https:\/\/schema.org\/CreativeWork\" ><div class='avia_textblock'  itemprop=\"text\" ><p>Ihre Herausforderun<\/p>\n<\/div><\/section><\/div>\n<\/div><\/div><\/main><!-- close content main element --><\/div><\/div><div id='after_section_1'  class='main_color av_default_container_wrap container_wrap sidebar_right'  ><div class='container av-section-cont-open' ><div class='template-page content  av-content-small alpha units'><div class='post-entry post-entry-type-page post-entry-4124'><div class='entry-content-wrapper clearfix'>\n\n<style type=\"text\/css\" data-created_by=\"avia_inline_auto\" id=\"style-css-av-ev6elb-5bd2a42a768624ede14d82ba7fef68b4\">\n.flex_column.av-ev6elb-5bd2a42a768624ede14d82ba7fef68b4{\n-webkit-border-radius:0px 0px 0px 0px;\n-moz-border-radius:0px 0px 0px 0px;\nborder-radius:0px 0px 0px 0px;\npadding:0px 0px 0px 0px;\n}\n<\/style>\n<div class='flex_column av-ev6elb-5bd2a42a768624ede14d82ba7fef68b4 av_one_half  avia-builder-el-3  el_after_av_section  el_before_av_one_half  avia-builder-el-first  first flex_column_div av-zero-column-padding '     ><section  class='av_textblock_section av-cb3pvz-fd60ae86c80fe5cd8b2cbf5d6677c734'  itemscope=\"itemscope\" itemtype=\"https:\/\/schema.org\/CreativeWork\" ><div class='avia_textblock'  itemprop=\"text\" ><h1>FIASA &#8211; eine starke Zusammenarbeit<\/h1>\n<p>Wir sind ein wachsender, famili\u00e4rer Mittelst\u00e4ndler t\u00e4tig im dynamischen Europ\u00e4ischen Automobilmarkt.<\/p>\n<p>Unser Team stellt sich den Herausforderungen immer komplexerer Bauteile in einem wachsenden Unternehmen.<\/p>\n<p>FIASA bietet eine berufliche Perspektive f\u00fcr Menschen, die anspruchsvolle und abwechslungsreiche Aufgaben \u00fcbernehmen m\u00f6chten. Das langfristige Handeln eines famili\u00e4ren Mittelst\u00e4ndlers bietet Ihnen Sicherheit.<\/p>\n<p>Nehmen Sie die Herausforderung an und Schreiben Sie uns. Wir beantworten gerne Ihre Fragen und freuen uns darauf, Sie pers\u00f6nlich kennenzulernen.<\/p>\n<\/div><\/section><br \/>\n<div  class='avia-slideshow av-3uqwv-441a3f9885f0c1713e85abb611945b2d avia-slideshow-portfolio av_slideshow avia-slide-slider  avia-builder-el-5  el_after_av_textblock  avia-builder-el-last  av-slideshow-ui av-control-default av-slideshow-autoplay av-loop-endless av-loop-manual-endless av-default-height-applied avia-slideshow-1' data-slideshow-options=\"{&quot;animation&quot;:&quot;slide&quot;,&quot;autoplay&quot;:true,&quot;loop_autoplay&quot;:&quot;endless&quot;,&quot;interval&quot;:4,&quot;loop_manual&quot;:&quot;manual-endless&quot;,&quot;autoplay_stopper&quot;:false,&quot;noNavigation&quot;:false,&quot;bg_slider&quot;:false,&quot;keep_padding&quot;:false,&quot;hoverpause&quot;:false,&quot;show_slide_delay&quot;:0}\"  itemprop=\"image\" itemscope=\"itemscope\" itemtype=\"https:\/\/schema.org\/ImageObject\" ><ul class='avia-slideshow-inner ' style='padding-bottom: 80.808080808081%;'><li  class='avia-slideshow-slide av-3uqwv-441a3f9885f0c1713e85abb611945b2d__0  av-single-slide slide-1 slide-odd'><div data-rel='slideshow-1' class='avia-slide-wrap '   ><img decoding=\"async\" class=\"wp-image-4465 avia-img-lazy-loading-not-4465\"  src=\"https:\/\/www.fiasa.es\/wp-content\/uploads\/2019\/06\/fiasa-recursos-humanos-8527-495x400.jpg\" width=\"495\" height=\"400\" title='Fiasa recursos humanos' alt='Fiasa recursos humanos'  itemprop=\"thumbnailUrl\"   \/><\/div><\/li><\/ul><\/div><\/p><\/div>\n<style type=\"text\/css\" data-created_by=\"avia_inline_auto\" id=\"style-css-av-5tefsv-71ec5de68e0e1753371260abed3ac769\">\n.flex_column.av-5tefsv-71ec5de68e0e1753371260abed3ac769{\n-webkit-border-radius:0px 0px 0px 0px;\n-moz-border-radius:0px 0px 0px 0px;\nborder-radius:0px 0px 0px 0px;\npadding:0px 0px 0px 0px;\n}\n<\/style>\n<div class='flex_column av-5tefsv-71ec5de68e0e1753371260abed3ac769 av_one_half  avia-builder-el-6  el_after_av_one_half  avia-builder-el-last  flex_column_div av-zero-column-padding '     ><section  class='av_textblock_section av-3llplb-77ccf2fc1b3ec99b491b178a768c050e'  itemscope=\"itemscope\" itemtype=\"https:\/\/schema.org\/CreativeWork\" ><div class='avia_textblock'  itemprop=\"text\" ><h2><span class=\"tlid-translation translation\" lang=\"de\"><span class=\"\" title=\"\">Senden Sie uns Ihren Lebenslauf<\/span><\/span><\/h2>\n<\/div><\/section><br \/>\n<section  class='av_textblock_section av-2u5767-812977361b9ab73775c8782cd3af2df7'  itemscope=\"itemscope\" itemtype=\"https:\/\/schema.org\/CreativeWork\" ><div class='avia_textblock'  itemprop=\"text\" >\n<div class=\"wpcf7 no-js\" id=\"wpcf7-f4199-o1\" lang=\"es-ES\" dir=\"ltr\" data-wpcf7-id=\"4199\">\n<div class=\"screen-reader-response\"><p role=\"status\" aria-live=\"polite\" aria-atomic=\"true\"><\/p> <ul><\/ul><\/div>\n<form action=\"\/de\/wp-json\/wp\/v2\/pages\/4124#wpcf7-f4199-o1\" method=\"post\" class=\"wpcf7-form init\" aria-label=\"Formulario de contacto\" novalidate=\"novalidate\" data-status=\"init\">\n<fieldset class=\"hidden-fields-container\"><input type=\"hidden\" name=\"_wpcf7\" value=\"4199\" \/><input type=\"hidden\" name=\"_wpcf7_version\" value=\"6.1.5\" \/><input type=\"hidden\" name=\"_wpcf7_locale\" value=\"es_ES\" \/><input type=\"hidden\" name=\"_wpcf7_unit_tag\" value=\"wpcf7-f4199-o1\" \/><input type=\"hidden\" name=\"_wpcf7_container_post\" value=\"0\" \/><input type=\"hidden\" name=\"_wpcf7_posted_data_hash\" value=\"\" \/><input type=\"hidden\" name=\"_wpcf7_recaptcha_response\" value=\"\" \/>\n<\/fieldset>\n<p>Name (*)\n<\/p>\n<p><span class=\"wpcf7-form-control-wrap\" data-name=\"your-name\"><input size=\"40\" maxlength=\"400\" class=\"wpcf7-form-control wpcf7-text wpcf7-validates-as-required\" aria-required=\"true\" aria-invalid=\"false\" value=\"\" type=\"text\" name=\"your-name\" \/><\/span>\n<\/p>\n<p>E-mail (*)\n<\/p>\n<p><span class=\"wpcf7-form-control-wrap\" data-name=\"your-email\"><input size=\"40\" maxlength=\"400\" class=\"wpcf7-form-control wpcf7-email wpcf7-validates-as-required wpcf7-text wpcf7-validates-as-email\" aria-required=\"true\" aria-invalid=\"false\" value=\"\" type=\"email\" name=\"your-email\" \/><\/span>\n<\/p>\n<p>Betreff\n<\/p>\n<p><span class=\"wpcf7-form-control-wrap\" data-name=\"your-subject\"><input size=\"40\" maxlength=\"400\" class=\"wpcf7-form-control wpcf7-text\" aria-invalid=\"false\" value=\"\" type=\"text\" name=\"your-subject\" \/><\/span>\n<\/p>\n<p>Nachricht\n<\/p>\n<p><span class=\"wpcf7-form-control-wrap\" data-name=\"your-message\"><textarea cols=\"40\" rows=\"10\" maxlength=\"2000\" class=\"wpcf7-form-control wpcf7-textarea\" aria-invalid=\"false\" name=\"your-message\"><\/textarea><\/span>\n<\/p>\n<p><span class=\"wpcf7-form-control-wrap\" data-name=\"politica\"><span class=\"wpcf7-form-control wpcf7-acceptance\"><span class=\"wpcf7-list-item\"><label><input type=\"checkbox\" name=\"politica\" value=\"1\" aria-invalid=\"false\" \/><span class=\"wpcf7-list-item-label\">Ich akzeptiere die <a href=\"\/politica-de-privacidad\">Datenschutzerkl\u00e4rung<\/a><\/span><\/label><\/span><\/span><\/span>\n<\/p>\n<p><input class=\"wpcf7-form-control wpcf7-submit has-spinner\" type=\"submit\" value=\"Senden\" \/>\n<\/p>\n<div class=\"politica\" id=\"politica\">\n\t<p><strong>Information on Data Processing<\/strong><br \/>\nIn this web, property of FUNDICIONES INYECTADAS ALAVESAS S. A. , we assure the total protection of the personal data provided by our users.\n\t<\/p>\n\t<p>In accordance with the provisions of Law (Ley Org\u00e1nica 15\/1999) on Data Protection, we inform you that personal data provided through the forms on this website or through e-mail messages, may be incorporated into our files, specifically the so-called \"Website users\" and will be treated automatically. By sending the existing forms on this website, the sender gives his consent to be included in the aforementioned files. Likewise, we inform you that from this website IP addresses of users could be collected, which will also be treated in accordance with current legislation. The purposes of the file are advertising and commercial prospecting. All files have been duly registered with the Spanish Data Protection Agency.\n\t<\/p>\n\t<p>Your data will not be passed on to third parties without your consent. FUNDICIONES INYECTADAS ALAVESAS S. A. will at all times respect the confidentiality of your data, in accordance with the Law (Ley Org\u00e1nica 15\/1999, 13th December, on the Protection of Personal Data -LOPD-).\n\t<\/p>\n\t<p>At any time you may exercise your rights of opposition, access, rectification, cancellation and opposition of your authorization without retroactive effect in the terms specified in the Law 15\/1999, of Protection of Personal Data, in accordance with the procedure established by law. These rights may be exercised by sending an e-mail to info@fiasa.es\n\t<\/p>\n<\/div><div class=\"wpcf7-response-output\" aria-hidden=\"true\"><\/div>\n<\/form>\n<\/div>\n\n<\/div><\/section><\/p><\/div><\/p>\n","protected":false},"excerpt":{"rendered":"","protected":false},"author":1,"featured_media":0,"parent":0,"menu_order":0,"comment_status":"closed","ping_status":"closed","template":"","meta":{"footnotes":""},"class_list":["post-4124","page","type-page","status-publish","hentry"],"yoast_head":"<!-- This site is optimized with the Yoast SEO plugin v27.2 - https:\/\/yoast.com\/product\/yoast-seo-wordpress\/ -->\n<title>Karriere - FIASA<\/title>\n<meta name=\"robots\" content=\"index, follow, max-snippet:-1, max-image-preview:large, max-video-preview:-1\" \/>\n<link rel=\"canonical\" href=\"https:\/\/www.fiasa.es\/de\/karriere\/\" \/>\n<meta property=\"og:locale\" content=\"de_DE\" \/>\n<meta property=\"og:type\" content=\"article\" \/>\n<meta property=\"og:title\" content=\"Karriere - FIASA\" \/>\n<meta property=\"og:url\" content=\"https:\/\/www.fiasa.es\/de\/karriere\/\" \/>\n<meta property=\"og:site_name\" content=\"FIASA\" \/>\n<meta property=\"article:modified_time\" content=\"2022-03-10T10:49:37+00:00\" \/>\n<meta name=\"twitter:card\" content=\"summary_large_image\" \/>\n<meta name=\"twitter:label1\" content=\"Gesch\u00e4tzte Lesezeit\" \/>\n\t<meta name=\"twitter:data1\" content=\"3\u00a0Minuten\" \/>\n<script type=\"application\/ld+json\" class=\"yoast-schema-graph\">{\"@context\":\"https:\/\/schema.org\",\"@graph\":[{\"@type\":\"WebPage\",\"@id\":\"https:\/\/www.fiasa.es\/de\/karriere\/\",\"url\":\"https:\/\/www.fiasa.es\/de\/karriere\/\",\"name\":\"Karriere - FIASA\",\"isPartOf\":{\"@id\":\"https:\/\/www.fiasa.es\/es\/#website\"},\"datePublished\":\"2019-06-10T09:23:36+00:00\",\"dateModified\":\"2022-03-10T10:49:37+00:00\",\"breadcrumb\":{\"@id\":\"https:\/\/www.fiasa.es\/de\/karriere\/#breadcrumb\"},\"inLanguage\":\"de\",\"potentialAction\":[{\"@type\":\"ReadAction\",\"target\":[\"https:\/\/www.fiasa.es\/de\/karriere\/\"]}]},{\"@type\":\"BreadcrumbList\",\"@id\":\"https:\/\/www.fiasa.es\/de\/karriere\/#breadcrumb\",\"itemListElement\":[{\"@type\":\"ListItem\",\"position\":1,\"name\":\"Portada\",\"item\":\"https:\/\/www.fiasa.es\/de\/\"},{\"@type\":\"ListItem\",\"position\":2,\"name\":\"Karriere\"}]},{\"@type\":\"WebSite\",\"@id\":\"https:\/\/www.fiasa.es\/es\/#website\",\"url\":\"https:\/\/www.fiasa.es\/es\/\",\"name\":\"FIASA\",\"description\":\"Aluminio fundido para la industria del autom\u00f3vil\",\"potentialAction\":[{\"@type\":\"SearchAction\",\"target\":{\"@type\":\"EntryPoint\",\"urlTemplate\":\"https:\/\/www.fiasa.es\/es\/?s={search_term_string}\"},\"query-input\":{\"@type\":\"PropertyValueSpecification\",\"valueRequired\":true,\"valueName\":\"search_term_string\"}}],\"inLanguage\":\"de\"}]}<\/script>\n<!-- \/ Yoast SEO plugin. -->","yoast_head_json":{"title":"Karriere - FIASA","robots":{"index":"index","follow":"follow","max-snippet":"max-snippet:-1","max-image-preview":"max-image-preview:large","max-video-preview":"max-video-preview:-1"},"canonical":"https:\/\/www.fiasa.es\/de\/karriere\/","og_locale":"de_DE","og_type":"article","og_title":"Karriere - FIASA","og_url":"https:\/\/www.fiasa.es\/de\/karriere\/","og_site_name":"FIASA","article_modified_time":"2022-03-10T10:49:37+00:00","twitter_card":"summary_large_image","twitter_misc":{"Gesch\u00e4tzte Lesezeit":"3\u00a0Minuten"},"schema":{"@context":"https:\/\/schema.org","@graph":[{"@type":"WebPage","@id":"https:\/\/www.fiasa.es\/de\/karriere\/","url":"https:\/\/www.fiasa.es\/de\/karriere\/","name":"Karriere - FIASA","isPartOf":{"@id":"https:\/\/www.fiasa.es\/es\/#website"},"datePublished":"2019-06-10T09:23:36+00:00","dateModified":"2022-03-10T10:49:37+00:00","breadcrumb":{"@id":"https:\/\/www.fiasa.es\/de\/karriere\/#breadcrumb"},"inLanguage":"de","potentialAction":[{"@type":"ReadAction","target":["https:\/\/www.fiasa.es\/de\/karriere\/"]}]},{"@type":"BreadcrumbList","@id":"https:\/\/www.fiasa.es\/de\/karriere\/#breadcrumb","itemListElement":[{"@type":"ListItem","position":1,"name":"Portada","item":"https:\/\/www.fiasa.es\/de\/"},{"@type":"ListItem","position":2,"name":"Karriere"}]},{"@type":"WebSite","@id":"https:\/\/www.fiasa.es\/es\/#website","url":"https:\/\/www.fiasa.es\/es\/","name":"FIASA","description":"Aluminio fundido para la industria del autom\u00f3vil","potentialAction":[{"@type":"SearchAction","target":{"@type":"EntryPoint","urlTemplate":"https:\/\/www.fiasa.es\/es\/?s={search_term_string}"},"query-input":{"@type":"PropertyValueSpecification","valueRequired":true,"valueName":"search_term_string"}}],"inLanguage":"de"}]}},"_links":{"self":[{"href":"https:\/\/www.fiasa.es\/de\/wp-json\/wp\/v2\/pages\/4124","targetHints":{"allow":["GET"]}}],"collection":[{"href":"https:\/\/www.fiasa.es\/de\/wp-json\/wp\/v2\/pages"}],"about":[{"href":"https:\/\/www.fiasa.es\/de\/wp-json\/wp\/v2\/types\/page"}],"author":[{"embeddable":true,"href":"https:\/\/www.fiasa.es\/de\/wp-json\/wp\/v2\/users\/1"}],"replies":[{"embeddable":true,"href":"https:\/\/www.fiasa.es\/de\/wp-json\/wp\/v2\/comments?post=4124"}],"version-history":[{"count":8,"href":"https:\/\/www.fiasa.es\/de\/wp-json\/wp\/v2\/pages\/4124\/revisions"}],"predecessor-version":[{"id":4638,"href":"https:\/\/www.fiasa.es\/de\/wp-json\/wp\/v2\/pages\/4124\/revisions\/4638"}],"wp:attachment":[{"href":"https:\/\/www.fiasa.es\/de\/wp-json\/wp\/v2\/media?parent=4124"}],"curies":[{"name":"wp","href":"https:\/\/api.w.org\/{rel}","templated":true}]}}