{"id":3356,"date":"2016-02-08T16:38:48","date_gmt":"2016-02-08T15:38:48","guid":{"rendered":"http:\/\/www.fiasa.es\/?page_id=3356"},"modified":"2019-06-18T12:00:24","modified_gmt":"2019-06-18T10:00:24","slug":"historia","status":"publish","type":"page","link":"https:\/\/www.fiasa.es\/es\/historia\/","title":{"rendered":"Historia"},"content":{"rendered":"\n<style type=\"text\/css\" data-created_by=\"avia_inline_auto\" id=\"style-css-av-oqx47w-f996241248538a8816623c540dfc6900\">\n.avia-section.av-oqx47w-f996241248538a8816623c540dfc6900{\nbackground-repeat:no-repeat;\nbackground-image:url(https:\/\/www.fiasa.es\/wp-content\/uploads\/2016\/02\/Fiasa-fondo-1.jpg);\nbackground-position:50% 100%;\nbackground-attachment:scroll;\n}\n<\/style>\n<div id='fondo-cabecera'  class='avia-section av-oqx47w-f996241248538a8816623c540dfc6900 main_color avia-section-default avia-no-shadow  avia-builder-el-0  el_before_av_one_half  avia-builder-el-first  avia-full-stretch avia-bg-style-scroll av-minimum-height av-minimum-height-25  container_wrap sidebar_right'  data-section-bg-repeat='stretch' data-av_minimum_height_pc='25'><div class='container av-section-cont-open' ><main  role=\"main\" itemprop=\"mainContentOfPage\"  class='template-page content  av-content-small alpha units'><div class='post-entry post-entry-type-page post-entry-3356'><div class='entry-content-wrapper clearfix'>\n\n<style type=\"text\/css\" data-created_by=\"avia_inline_auto\" id=\"style-css-av-m6u030-55c113615f69d2ba49a5f3465ec4547c\">\n.flex_column.av-m6u030-55c113615f69d2ba49a5f3465ec4547c{\n-webkit-border-radius:0px 0px 0px 0px;\n-moz-border-radius:0px 0px 0px 0px;\nborder-radius:0px 0px 0px 0px;\npadding:0px 0px 0px 0px;\n}\n<\/style>\n<div class='flex_column av-m6u030-55c113615f69d2ba49a5f3465ec4547c av_one_half  avia-builder-el-1  avia-builder-el-no-sibling  first flex_column_div av-zero-column-padding '     ><section  class='av_textblock_section av-23nepo-5ee3403dbfed5c4f02cf694acf27a4ae'  itemscope=\"itemscope\" itemtype=\"https:\/\/schema.org\/CreativeWork\" ><div class='avia_textblock'  itemprop=\"text\" ><p>Fundiciones Inyectadas Alavesas, S.A.<br \/>\nTrayectoria<\/p>\n<\/div><\/section><\/div>\n<\/div><\/div><\/main><!-- close content main element --><\/div><\/div><div id='after_section_1'  class='main_color av_default_container_wrap container_wrap sidebar_right'  ><div class='container av-section-cont-open' ><div class='template-page content  av-content-small alpha units'><div class='post-entry post-entry-type-page post-entry-3356'><div class='entry-content-wrapper clearfix'>\n\n<style type=\"text\/css\" data-created_by=\"avia_inline_auto\" id=\"style-css-av-jq523g-e18360bf431f05b097958687359aa803\">\n.flex_column.av-jq523g-e18360bf431f05b097958687359aa803{\n-webkit-border-radius:0px 0px 0px 0px;\n-moz-border-radius:0px 0px 0px 0px;\nborder-radius:0px 0px 0px 0px;\npadding:0px 0px 0px 0px;\n}\n<\/style>\n<div class='flex_column av-jq523g-e18360bf431f05b097958687359aa803 av_one_half  avia-builder-el-3  el_after_av_section  el_before_av_one_half  avia-builder-el-first  first flex_column_div av-zero-column-padding '     ><div  class='avia-slideshow av-hlucx8-f2376830ef6d5abfb642a6e692d4de46 avia-slideshow-portfolio av_slideshow avia-slide-slider  avia-builder-el-4  avia-builder-el-no-sibling  av-slideshow-ui av-control-default av-slideshow-autoplay av-loop-endless av-loop-manual-endless av-default-height-applied avia-slideshow-1' data-slideshow-options=\"{&quot;animation&quot;:&quot;slide&quot;,&quot;autoplay&quot;:true,&quot;loop_autoplay&quot;:&quot;endless&quot;,&quot;interval&quot;:4,&quot;loop_manual&quot;:&quot;manual-endless&quot;,&quot;autoplay_stopper&quot;:false,&quot;noNavigation&quot;:false,&quot;bg_slider&quot;:false,&quot;keep_padding&quot;:false,&quot;hoverpause&quot;:false,&quot;show_slide_delay&quot;:0}\"  itemprop=\"image\" itemscope=\"itemscope\" itemtype=\"https:\/\/schema.org\/ImageObject\" ><ul class='avia-slideshow-inner ' style='padding-bottom: 80.808080808081%;'><li  class='avia-slideshow-slide av-hlucx8-f2376830ef6d5abfb642a6e692d4de46__0  slide-1 slide-odd'><div data-rel='slideshow-1' class='avia-slide-wrap '   ><img decoding=\"async\" class=\"wp-image-3831 avia-img-lazy-loading-not-3831\"  src=\"https:\/\/www.fiasa.es\/wp-content\/uploads\/2016\/02\/HISTORIA-Fiasa-012-495x400.jpg\" width=\"495\" height=\"400\" title='HISTORIA-FIASA-012' alt=''  itemprop=\"thumbnailUrl\"   \/><\/div><\/li><li  class='avia-slideshow-slide av-hlucx8-f2376830ef6d5abfb642a6e692d4de46__1  slide-2 slide-even'><div data-rel='slideshow-1' class='avia-slide-wrap '   ><img decoding=\"async\" class=\"wp-image-3924 avia-img-lazy-loading-not-3924\"  src=\"https:\/\/www.fiasa.es\/wp-content\/uploads\/2016\/02\/HISTORIA-Fiasa-3-495x400.jpg\" width=\"495\" height=\"400\" title='HISTORIA-FIASA-3' alt=''  itemprop=\"thumbnailUrl\"   \/><\/div><\/li><li  class='avia-slideshow-slide av-hlucx8-f2376830ef6d5abfb642a6e692d4de46__2  slide-3 slide-odd'><div data-rel='slideshow-1' class='avia-slide-wrap '   ><img decoding=\"async\" class=\"wp-image-4469 avia-img-lazy-loading-not-4469\"  src=\"https:\/\/www.fiasa.es\/wp-content\/uploads\/2019\/06\/fiasa-historia-8358-495x400.jpg\" width=\"495\" height=\"400\" title='Fiasa historia' alt='Fiasa historia'  itemprop=\"thumbnailUrl\"   \/><\/div><\/li><\/ul><div class='avia-slideshow-arrows avia-slideshow-controls' ><a href='#prev' class='prev-slide ' aria-hidden='true' data-av_icon='\ue87c' data-av_iconfont='entypo-fontello'  tabindex='-1'>Anterior<\/a><a href='#next' class='next-slide ' aria-hidden='true' data-av_icon='\ue87d' data-av_iconfont='entypo-fontello'  tabindex='-1'>Posterior<\/a><\/div><div class='avia-slideshow-dots avia-slideshow-controls'><a href='#1' class='goto-slide active' >1<\/a><a href='#2' class='goto-slide ' >2<\/a><a href='#3' class='goto-slide ' >3<\/a><\/div><\/div><\/div>\n<style type=\"text\/css\" data-created_by=\"avia_inline_auto\" id=\"style-css-av-be7qe4-9fbcedaafdbeb61d29ff727daab3f2b0\">\n.flex_column.av-be7qe4-9fbcedaafdbeb61d29ff727daab3f2b0{\n-webkit-border-radius:0px 0px 0px 0px;\n-moz-border-radius:0px 0px 0px 0px;\nborder-radius:0px 0px 0px 0px;\npadding:0px 0px 0px 0px;\n}\n<\/style>\n<div class='flex_column av-be7qe4-9fbcedaafdbeb61d29ff727daab3f2b0 av_one_half  avia-builder-el-5  el_after_av_one_half  avia-builder-el-last  flex_column_div av-zero-column-padding '     ><section  class='av_textblock_section av-9fvd9o-0b32ac463eaaf67aee9245f2b4b7aeeb'  itemscope=\"itemscope\" itemtype=\"https:\/\/schema.org\/CreativeWork\" ><div class='avia_textblock'  itemprop=\"text\" ><h1>FIASA &#8211; Experiencia e Innovaci\u00f3n<\/h1>\n<p>Desde nuestros comienzos, en 1962, hemos evolucionado hasta convertirnos hoy en d\u00eda en una empresa con <strong>250 personas<\/strong>, en segunda generaci\u00f3n, que compite con su producto en los mercados internacionales.<\/p>\n<p>En todo este tiempo nuestras decisiones en pol\u00edtica de <strong>Recursos Humanos e Inversi\u00f3n<\/strong> se han orientado y as\u00ed lo seguir\u00e1n haciendo, a ofrecer a nuestros clientes productos con <strong>alto contenido tecnol\u00f3gico<\/strong> fabricados con procesos competitivos.<\/p>\n<\/div><\/section><br \/>\n<div  class='avia-icon-list-container av-84jme4-fb30863deb7e6a5fadcfdf603051ede0  avia-builder-el-7  el_after_av_textblock  avia-builder-el-last '><ul class='avia-icon-list avia_animate_when_almost_visible avia-icon-list-left av-iconlist-big av-84jme4-fb30863deb7e6a5fadcfdf603051ede0 avia-iconlist-animate'>\n<li><div class='iconlist_icon av-578wcc-372ef31b31a59b242b687019caaabb42 avia-font-entypo-fontello'><span class='iconlist-char' aria-hidden='true' data-av_icon='\ue875' data-av_iconfont='entypo-fontello'><\/span><\/div><article class=\"article-icon-entry \"  itemscope=\"itemscope\" itemtype=\"https:\/\/schema.org\/CreativeWork\" ><div class=\"iconlist_content_wrap\"><header class=\"entry-content-header\"><h4 class='av_iconlist_title iconlist_title  '  itemprop=\"headline\" >1962<\/h4><\/header><div class='iconlist_content '  itemprop=\"text\" ><p>Se funda Fiasa<\/p>\n<\/div><\/div><footer class=\"entry-footer\"><\/footer><\/article><div class=\"iconlist-timeline\"><\/div><\/li>\n<li><div class='iconlist_icon av-7r9vbg-945c3af47bc27a37114b855588e9c9d2 avia-font-entypo-fontello'><span class='iconlist-char' aria-hidden='true' data-av_icon='\ue879' data-av_iconfont='entypo-fontello'><\/span><\/div><article class=\"article-icon-entry \"  itemscope=\"itemscope\" itemtype=\"https:\/\/schema.org\/CreativeWork\" ><div class=\"iconlist_content_wrap\"><header class=\"entry-content-header\"><h4 class='av_iconlist_title iconlist_title  '  itemprop=\"headline\" >1973<\/h4><\/header><div class='iconlist_content '  itemprop=\"text\" ><p>Traslado a Nanclares de la Oca, Alava.<\/p>\n<\/div><\/div><footer class=\"entry-footer\"><\/footer><\/article><div class=\"iconlist-timeline\"><\/div><\/li>\n<li><div class='iconlist_icon av-6jr2zw-984c257816e48ef313552b18ddb7423f avia-font-entypo-fontello'><span class='iconlist-char' aria-hidden='true' data-av_icon='\ue879' data-av_iconfont='entypo-fontello'><\/span><\/div><article class=\"article-icon-entry \"  itemscope=\"itemscope\" itemtype=\"https:\/\/schema.org\/CreativeWork\" ><div class=\"iconlist_content_wrap\"><header class=\"entry-content-header\"><h4 class='av_iconlist_title iconlist_title  '  itemprop=\"headline\" >2002<\/h4><\/header><div class='iconlist_content '  itemprop=\"text\" ><p>Empezamos a mecanizar en casa con m\u00e1quinas CNC<\/p>\n<\/div><\/div><footer class=\"entry-footer\"><\/footer><\/article><div class=\"iconlist-timeline\"><\/div><\/li>\n<li><div class='iconlist_icon av-3lipj0-29ed078638ed1a4b18256f11ddb3eea6 avia-font-entypo-fontello'><span class='iconlist-char' aria-hidden='true' data-av_icon='\ue879' data-av_iconfont='entypo-fontello'><\/span><\/div><article class=\"article-icon-entry \"  itemscope=\"itemscope\" itemtype=\"https:\/\/schema.org\/CreativeWork\" ><div class=\"iconlist_content_wrap\"><header class=\"entry-content-header\"><h4 class='av_iconlist_title iconlist_title  '  itemprop=\"headline\" >2015<\/h4><\/header><div class='iconlist_content '  itemprop=\"text\" ><p>Inicio Lavado Ultra seg\u00fan VDA 19<\/p>\n<\/div><\/div><footer class=\"entry-footer\"><\/footer><\/article><div class=\"iconlist-timeline\"><\/div><\/li>\n<li><div class='iconlist_icon av-236ov0-3a68d5b403efa53152069abded486a4b avia-font-entypo-fontello'><span class='iconlist-char' aria-hidden='true' data-av_icon='\ue879' data-av_iconfont='entypo-fontello'><\/span><\/div><article class=\"article-icon-entry \"  itemscope=\"itemscope\" itemtype=\"https:\/\/schema.org\/CreativeWork\" ><div class=\"iconlist_content_wrap\"><header class=\"entry-content-header\"><h4 class='av_iconlist_title iconlist_title  '  itemprop=\"headline\" >2019<\/h4><\/header><div class='iconlist_content '  itemprop=\"text\" ><p>Arranque en Serie de Piezas d\u00factiles para la Electro-Movilidad<\/p>\n<\/div><\/div><footer class=\"entry-footer\"><\/footer><\/article><div class=\"iconlist-timeline\"><\/div><\/li>\n<\/ul><\/div><\/p><\/div><\/p>\n","protected":false},"excerpt":{"rendered":"","protected":false},"author":1,"featured_media":0,"parent":0,"menu_order":0,"comment_status":"closed","ping_status":"closed","template":"","meta":{"footnotes":""},"class_list":["post-3356","page","type-page","status-publish","hentry"],"yoast_head":"<!-- This site is optimized with the Yoast SEO plugin v27.2 - https:\/\/yoast.com\/product\/yoast-seo-wordpress\/ -->\n<title>Historia - FIASA<\/title>\n<meta name=\"robots\" content=\"index, follow, max-snippet:-1, max-image-preview:large, max-video-preview:-1\" \/>\n<link rel=\"canonical\" href=\"https:\/\/www.fiasa.es\/es\/historia\/\" \/>\n<meta property=\"og:locale\" content=\"es_ES\" \/>\n<meta property=\"og:type\" content=\"article\" \/>\n<meta property=\"og:title\" content=\"Historia - FIASA\" \/>\n<meta property=\"og:url\" content=\"https:\/\/www.fiasa.es\/es\/historia\/\" \/>\n<meta property=\"og:site_name\" content=\"FIASA\" \/>\n<meta property=\"article:modified_time\" content=\"2019-06-18T10:00:24+00:00\" \/>\n<meta name=\"twitter:card\" content=\"summary_large_image\" \/>\n<meta name=\"twitter:label1\" content=\"Tiempo de lectura\" \/>\n\t<meta name=\"twitter:data1\" content=\"4 minutos\" \/>\n<script type=\"application\/ld+json\" class=\"yoast-schema-graph\">{\"@context\":\"https:\/\/schema.org\",\"@graph\":[{\"@type\":\"WebPage\",\"@id\":\"https:\/\/www.fiasa.es\/es\/historia\/\",\"url\":\"https:\/\/www.fiasa.es\/es\/historia\/\",\"name\":\"Historia - FIASA\",\"isPartOf\":{\"@id\":\"https:\/\/www.fiasa.es\/es\/#website\"},\"datePublished\":\"2016-02-08T15:38:48+00:00\",\"dateModified\":\"2019-06-18T10:00:24+00:00\",\"breadcrumb\":{\"@id\":\"https:\/\/www.fiasa.es\/es\/historia\/#breadcrumb\"},\"inLanguage\":\"es\",\"potentialAction\":[{\"@type\":\"ReadAction\",\"target\":[\"https:\/\/www.fiasa.es\/es\/historia\/\"]}]},{\"@type\":\"BreadcrumbList\",\"@id\":\"https:\/\/www.fiasa.es\/es\/historia\/#breadcrumb\",\"itemListElement\":[{\"@type\":\"ListItem\",\"position\":1,\"name\":\"Portada\",\"item\":\"https:\/\/www.fiasa.es\/es\/\"},{\"@type\":\"ListItem\",\"position\":2,\"name\":\"Historia\"}]},{\"@type\":\"WebSite\",\"@id\":\"https:\/\/www.fiasa.es\/es\/#website\",\"url\":\"https:\/\/www.fiasa.es\/es\/\",\"name\":\"FIASA\",\"description\":\"Aluminio fundido para la industria del autom\u00f3vil\",\"potentialAction\":[{\"@type\":\"SearchAction\",\"target\":{\"@type\":\"EntryPoint\",\"urlTemplate\":\"https:\/\/www.fiasa.es\/es\/?s={search_term_string}\"},\"query-input\":{\"@type\":\"PropertyValueSpecification\",\"valueRequired\":true,\"valueName\":\"search_term_string\"}}],\"inLanguage\":\"es\"}]}<\/script>\n<!-- \/ Yoast SEO plugin. -->","yoast_head_json":{"title":"Historia - FIASA","robots":{"index":"index","follow":"follow","max-snippet":"max-snippet:-1","max-image-preview":"max-image-preview:large","max-video-preview":"max-video-preview:-1"},"canonical":"https:\/\/www.fiasa.es\/es\/historia\/","og_locale":"es_ES","og_type":"article","og_title":"Historia - FIASA","og_url":"https:\/\/www.fiasa.es\/es\/historia\/","og_site_name":"FIASA","article_modified_time":"2019-06-18T10:00:24+00:00","twitter_card":"summary_large_image","twitter_misc":{"Tiempo de lectura":"4 minutos"},"schema":{"@context":"https:\/\/schema.org","@graph":[{"@type":"WebPage","@id":"https:\/\/www.fiasa.es\/es\/historia\/","url":"https:\/\/www.fiasa.es\/es\/historia\/","name":"Historia - FIASA","isPartOf":{"@id":"https:\/\/www.fiasa.es\/es\/#website"},"datePublished":"2016-02-08T15:38:48+00:00","dateModified":"2019-06-18T10:00:24+00:00","breadcrumb":{"@id":"https:\/\/www.fiasa.es\/es\/historia\/#breadcrumb"},"inLanguage":"es","potentialAction":[{"@type":"ReadAction","target":["https:\/\/www.fiasa.es\/es\/historia\/"]}]},{"@type":"BreadcrumbList","@id":"https:\/\/www.fiasa.es\/es\/historia\/#breadcrumb","itemListElement":[{"@type":"ListItem","position":1,"name":"Portada","item":"https:\/\/www.fiasa.es\/es\/"},{"@type":"ListItem","position":2,"name":"Historia"}]},{"@type":"WebSite","@id":"https:\/\/www.fiasa.es\/es\/#website","url":"https:\/\/www.fiasa.es\/es\/","name":"FIASA","description":"Aluminio fundido para la industria del autom\u00f3vil","potentialAction":[{"@type":"SearchAction","target":{"@type":"EntryPoint","urlTemplate":"https:\/\/www.fiasa.es\/es\/?s={search_term_string}"},"query-input":{"@type":"PropertyValueSpecification","valueRequired":true,"valueName":"search_term_string"}}],"inLanguage":"es"}]}},"_links":{"self":[{"href":"https:\/\/www.fiasa.es\/es\/wp-json\/wp\/v2\/pages\/3356","targetHints":{"allow":["GET"]}}],"collection":[{"href":"https:\/\/www.fiasa.es\/es\/wp-json\/wp\/v2\/pages"}],"about":[{"href":"https:\/\/www.fiasa.es\/es\/wp-json\/wp\/v2\/types\/page"}],"author":[{"embeddable":true,"href":"https:\/\/www.fiasa.es\/es\/wp-json\/wp\/v2\/users\/1"}],"replies":[{"embeddable":true,"href":"https:\/\/www.fiasa.es\/es\/wp-json\/wp\/v2\/comments?post=3356"}],"version-history":[{"count":12,"href":"https:\/\/www.fiasa.es\/es\/wp-json\/wp\/v2\/pages\/3356\/revisions"}],"predecessor-version":[{"id":4472,"href":"https:\/\/www.fiasa.es\/es\/wp-json\/wp\/v2\/pages\/3356\/revisions\/4472"}],"wp:attachment":[{"href":"https:\/\/www.fiasa.es\/es\/wp-json\/wp\/v2\/media?parent=3356"}],"curies":[{"name":"wp","href":"https:\/\/api.w.org\/{rel}","templated":true}]}}