{"id":3366,"date":"2016-02-08T17:07:23","date_gmt":"2016-02-08T16:07:23","guid":{"rendered":"http:\/\/www.fiasa.es\/?page_id=3366"},"modified":"2019-06-11T11:01:02","modified_gmt":"2019-06-11T09:01:02","slug":"desarrollo-de-producto","status":"publish","type":"page","link":"https:\/\/www.fiasa.es\/es\/desarrollo-de-producto\/","title":{"rendered":"Desarrollo de producto"},"content":{"rendered":"\n<style type=\"text\/css\" data-created_by=\"avia_inline_auto\" id=\"style-css-av-k255nq-5ac72f056d541e199ff539b8e63eaa13\">\n.avia-section.av-k255nq-5ac72f056d541e199ff539b8e63eaa13{\nbackground-repeat:no-repeat;\nbackground-image:url(https:\/\/www.fiasa.es\/wp-content\/uploads\/2016\/02\/Fiasa-fondo-1.jpg);\nbackground-position:50% 100%;\nbackground-attachment:scroll;\n}\n<\/style>\n<div id='fondo-cabecera'  class='avia-section av-k255nq-5ac72f056d541e199ff539b8e63eaa13 main_color avia-section-default avia-no-shadow  avia-builder-el-0  el_before_av_one_half  avia-builder-el-first  avia-full-stretch avia-bg-style-scroll av-minimum-height av-minimum-height-25  container_wrap sidebar_right'  data-section-bg-repeat='stretch' data-av_minimum_height_pc='25'><div class='container av-section-cont-open' ><main  role=\"main\" itemprop=\"mainContentOfPage\"  class='template-page content  av-content-small alpha units'><div class='post-entry post-entry-type-page post-entry-3366'><div class='entry-content-wrapper clearfix'>\n\n<style type=\"text\/css\" data-created_by=\"avia_inline_auto\" id=\"style-css-av-j1fzxi-b92d57e647235fb9c96a6f5884f9c4dc\">\n.flex_column.av-j1fzxi-b92d57e647235fb9c96a6f5884f9c4dc{\n-webkit-border-radius:0px 0px 0px 0px;\n-moz-border-radius:0px 0px 0px 0px;\nborder-radius:0px 0px 0px 0px;\npadding:0px 0px 0px 0px;\n}\n<\/style>\n<div class='flex_column av-j1fzxi-b92d57e647235fb9c96a6f5884f9c4dc av_one_half  avia-builder-el-1  avia-builder-el-no-sibling  first flex_column_div av-zero-column-padding '     ><section  class='av_textblock_section av-hpzbl2-99a7108b336b41f36ec31cc48673a796'  itemscope=\"itemscope\" itemtype=\"https:\/\/schema.org\/CreativeWork\" ><div class='avia_textblock'  itemprop=\"text\" ><p>Desarrollo de Producto:<br \/>\nCapacidad de Desarrollo, Precios Competitivos<\/p>\n<\/div><\/section><\/div>\n<\/div><\/div><\/main><!-- close content main element --><\/div><\/div><div id='after_section_1'  class='main_color av_default_container_wrap container_wrap sidebar_right'  ><div class='container av-section-cont-open' ><div class='template-page content  av-content-small alpha units'><div class='post-entry post-entry-type-page post-entry-3366'><div class='entry-content-wrapper clearfix'>\n\n<style type=\"text\/css\" data-created_by=\"avia_inline_auto\" id=\"style-css-av-feehom-cab771214745671d8b0f5f20bea329f6\">\n.flex_column.av-feehom-cab771214745671d8b0f5f20bea329f6{\n-webkit-border-radius:0px 0px 0px 0px;\n-moz-border-radius:0px 0px 0px 0px;\nborder-radius:0px 0px 0px 0px;\npadding:0px 0px 0px 0px;\n}\n<\/style>\n<div class='flex_column av-feehom-cab771214745671d8b0f5f20bea329f6 av_one_half  avia-builder-el-3  el_after_av_section  el_before_av_one_half  avia-builder-el-first  first flex_column_div av-zero-column-padding '     ><div  class='avia-slideshow av-dxw24m-f243b505902d835dbfee75f4385b23a8 avia-slideshow-portfolio av_slideshow avia-slide-slider  avia-builder-el-4  avia-builder-el-no-sibling  av-slideshow-ui av-slideshow-autoplay av-loop-endless av-loop-manual-endless av-default-height-applied avia-slideshow-1' data-slideshow-options=\"{&quot;animation&quot;:&quot;slide&quot;,&quot;autoplay&quot;:true,&quot;loop_autoplay&quot;:&quot;endless&quot;,&quot;interval&quot;:4,&quot;loop_manual&quot;:&quot;manual-endless&quot;,&quot;autoplay_stopper&quot;:false,&quot;noNavigation&quot;:false,&quot;bg_slider&quot;:false,&quot;keep_padding&quot;:false,&quot;hoverpause&quot;:false,&quot;show_slide_delay&quot;:0}\"  itemprop=\"image\" itemscope=\"itemscope\" itemtype=\"https:\/\/schema.org\/ImageObject\" ><ul class='avia-slideshow-inner ' style='padding-bottom: 80.808080808081%;'><li  class='avia-slideshow-slide av-dxw24m-f243b505902d835dbfee75f4385b23a8__0  slide-1 slide-odd'><div data-rel='slideshow-1' class='avia-slide-wrap '   ><img decoding=\"async\" class=\"wp-image-3789 avia-img-lazy-loading-not-3789\"  src=\"https:\/\/www.fiasa.es\/wp-content\/uploads\/2016\/02\/DESARROLLO-DE-PRODUCTO-Fiasa-002-495x400.jpg\" width=\"495\" height=\"400\" title='DESARROLLO-DE-PRODUCTO-FIASA-002' alt=''  itemprop=\"thumbnailUrl\"   \/><\/div><\/li><li  class='avia-slideshow-slide av-dxw24m-f243b505902d835dbfee75f4385b23a8__1  slide-2 slide-even'><div data-rel='slideshow-1' class='avia-slide-wrap '   ><img decoding=\"async\" class=\"wp-image-3793 avia-img-lazy-loading-not-3793\"  src=\"https:\/\/www.fiasa.es\/wp-content\/uploads\/2016\/02\/DESARROLLO-DE-PRODUCTO-Fiasa-017-495x400.jpg\" width=\"495\" height=\"400\" title='DESARROLLO-DE-PRODUCTO-FIASA-017' alt=''  itemprop=\"thumbnailUrl\"   \/><\/div><\/li><li  class='avia-slideshow-slide av-dxw24m-f243b505902d835dbfee75f4385b23a8__2  slide-3 slide-odd'><div data-rel='slideshow-1' class='avia-slide-wrap '   ><img decoding=\"async\" class=\"wp-image-3941 avia-img-lazy-loading-not-3941\"  src=\"https:\/\/www.fiasa.es\/wp-content\/uploads\/2016\/02\/DESARROLLO-DE-PRODUCTO-Fiasa-5-495x400.jpg\" width=\"495\" height=\"400\" title='DESARROLLO-DE-PRODUCTO-FIASA-5' alt=''  itemprop=\"thumbnailUrl\"   \/><\/div><\/li><li  class='avia-slideshow-slide av-dxw24m-f243b505902d835dbfee75f4385b23a8__3  slide-4 slide-even'><div data-rel='slideshow-1' class='avia-slide-wrap '   ><img decoding=\"async\" class=\"wp-image-3937 avia-img-lazy-loading-not-3937\"  src=\"https:\/\/www.fiasa.es\/wp-content\/uploads\/2016\/02\/DESARROLLO-DE-PRODUCTO-Fiasa-4-495x400.jpg\" width=\"495\" height=\"400\" title='DESARROLLO-DE-PRODUCTO-FIASA-4' alt=''  itemprop=\"thumbnailUrl\"   \/><\/div><\/li><li  class='avia-slideshow-slide av-dxw24m-f243b505902d835dbfee75f4385b23a8__4  slide-5 slide-odd'><div data-rel='slideshow-1' class='avia-slide-wrap '   ><img decoding=\"async\" class=\"wp-image-3933 avia-img-lazy-loading-not-3933\"  src=\"https:\/\/www.fiasa.es\/wp-content\/uploads\/2016\/02\/DESARROLLO-DE-PRODUCTO-Fiasa-3-495x400.jpg\" width=\"495\" height=\"400\" title='DESARROLLO-DE-PRODUCTO-FIASA-3' alt=''  itemprop=\"thumbnailUrl\" srcset=\"https:\/\/www.fiasa.es\/wp-content\/uploads\/2016\/02\/DESARROLLO-DE-PRODUCTO-Fiasa-3-495x400.jpg 495w, https:\/\/www.fiasa.es\/wp-content\/uploads\/2016\/02\/DESARROLLO-DE-PRODUCTO-Fiasa-3-845x684.jpg 845w\" sizes=\"(max-width: 495px) 100vw, 495px\" \/><\/div><\/li><\/ul><div class='avia-slideshow-arrows avia-slideshow-controls' ><a href='#prev' class='prev-slide ' aria-hidden='true' data-av_icon='\ue87c' data-av_iconfont='entypo-fontello'  tabindex='-1'>Anterior<\/a><a href='#next' class='next-slide ' aria-hidden='true' data-av_icon='\ue87d' data-av_iconfont='entypo-fontello'  tabindex='-1'>Posterior<\/a><\/div><div class='avia-slideshow-dots avia-slideshow-controls'><a href='#1' class='goto-slide active' >1<\/a><a href='#2' class='goto-slide ' >2<\/a><a href='#3' class='goto-slide ' >3<\/a><a href='#4' class='goto-slide ' >4<\/a><a href='#5' class='goto-slide ' >5<\/a><\/div><\/div><\/div>\n\n<style type=\"text\/css\" data-created_by=\"avia_inline_auto\" id=\"style-css-av-453vc6-3d021bbe98ac60c532324bcade1e92e9\">\n.flex_column.av-453vc6-3d021bbe98ac60c532324bcade1e92e9{\n-webkit-border-radius:0px 0px 0px 0px;\n-moz-border-radius:0px 0px 0px 0px;\nborder-radius:0px 0px 0px 0px;\npadding:0px 0px 0px 0px;\n}\n<\/style>\n<div class='flex_column av-453vc6-3d021bbe98ac60c532324bcade1e92e9 av_one_half  avia-builder-el-5  el_after_av_one_half  avia-builder-el-last  flex_column_div av-zero-column-padding '     ><section  class='av_textblock_section av-257s1i-032639621ae8cf9a85a7e2dd513f397f'  itemscope=\"itemscope\" itemtype=\"https:\/\/schema.org\/CreativeWork\" ><div class='avia_textblock'  itemprop=\"text\" ><h1>FIASA &#8211; An\u00e1lisis de Elementos Finitos<\/h1>\n<p>Ayudamos a nuestros clientes mediante el c\u00e1lculo de elementos finitos durante la fase del desarrollo de producto. \u00ab<strong>Cumplir el cuaderno de cargas a costes m\u00ednimos<\/strong>\u00bb es el objetivo.<\/p>\n<p>Trabajamos para hacer factible la fundici\u00f3n de las piezas en moldes multicavidad. Adicionalmente intentamos reducir la necesidad de mecanizado al m\u00ednimo.<\/p>\n<p>Simulaciones de llenado y de solidificaci\u00f3n. Partiendo de las exigencias de nuestros clientes y apoy\u00e1ndonos en nuestros conocimientos del proceso de fundici\u00f3n inyectada, realizamos aportaciones al dise\u00f1o del producto durante la fase de ingenier\u00eda simult\u00e1nea.<\/p>\n<\/div><\/section><\/div>\n","protected":false},"excerpt":{"rendered":"","protected":false},"author":1,"featured_media":0,"parent":0,"menu_order":0,"comment_status":"closed","ping_status":"closed","template":"","meta":{"footnotes":""},"class_list":["post-3366","page","type-page","status-publish","hentry"],"yoast_head":"<!-- This site is optimized with the Yoast SEO plugin v27.2 - https:\/\/yoast.com\/product\/yoast-seo-wordpress\/ -->\n<title>Desarrollo de producto - FIASA<\/title>\n<meta name=\"robots\" content=\"index, follow, max-snippet:-1, max-image-preview:large, max-video-preview:-1\" \/>\n<link rel=\"canonical\" href=\"https:\/\/www.fiasa.es\/es\/desarrollo-de-producto\/\" \/>\n<meta property=\"og:locale\" content=\"es_ES\" \/>\n<meta property=\"og:type\" content=\"article\" \/>\n<meta property=\"og:title\" content=\"Desarrollo de producto - FIASA\" \/>\n<meta property=\"og:url\" content=\"https:\/\/www.fiasa.es\/es\/desarrollo-de-producto\/\" \/>\n<meta property=\"og:site_name\" content=\"FIASA\" \/>\n<meta property=\"article:modified_time\" content=\"2019-06-11T09:01:02+00:00\" \/>\n<meta name=\"twitter:card\" content=\"summary_large_image\" \/>\n<meta name=\"twitter:label1\" content=\"Tiempo de lectura\" \/>\n\t<meta name=\"twitter:data1\" content=\"3 minutos\" \/>\n<script type=\"application\/ld+json\" class=\"yoast-schema-graph\">{\"@context\":\"https:\/\/schema.org\",\"@graph\":[{\"@type\":\"WebPage\",\"@id\":\"https:\/\/www.fiasa.es\/es\/desarrollo-de-producto\/\",\"url\":\"https:\/\/www.fiasa.es\/es\/desarrollo-de-producto\/\",\"name\":\"Desarrollo de producto - FIASA\",\"isPartOf\":{\"@id\":\"https:\/\/www.fiasa.es\/es\/#website\"},\"datePublished\":\"2016-02-08T16:07:23+00:00\",\"dateModified\":\"2019-06-11T09:01:02+00:00\",\"breadcrumb\":{\"@id\":\"https:\/\/www.fiasa.es\/es\/desarrollo-de-producto\/#breadcrumb\"},\"inLanguage\":\"es\",\"potentialAction\":[{\"@type\":\"ReadAction\",\"target\":[\"https:\/\/www.fiasa.es\/es\/desarrollo-de-producto\/\"]}]},{\"@type\":\"BreadcrumbList\",\"@id\":\"https:\/\/www.fiasa.es\/es\/desarrollo-de-producto\/#breadcrumb\",\"itemListElement\":[{\"@type\":\"ListItem\",\"position\":1,\"name\":\"Portada\",\"item\":\"https:\/\/www.fiasa.es\/es\/\"},{\"@type\":\"ListItem\",\"position\":2,\"name\":\"Desarrollo de producto\"}]},{\"@type\":\"WebSite\",\"@id\":\"https:\/\/www.fiasa.es\/es\/#website\",\"url\":\"https:\/\/www.fiasa.es\/es\/\",\"name\":\"FIASA\",\"description\":\"Aluminio fundido para la industria del autom\u00f3vil\",\"potentialAction\":[{\"@type\":\"SearchAction\",\"target\":{\"@type\":\"EntryPoint\",\"urlTemplate\":\"https:\/\/www.fiasa.es\/es\/?s={search_term_string}\"},\"query-input\":{\"@type\":\"PropertyValueSpecification\",\"valueRequired\":true,\"valueName\":\"search_term_string\"}}],\"inLanguage\":\"es\"}]}<\/script>\n<!-- \/ Yoast SEO plugin. -->","yoast_head_json":{"title":"Desarrollo de producto - FIASA","robots":{"index":"index","follow":"follow","max-snippet":"max-snippet:-1","max-image-preview":"max-image-preview:large","max-video-preview":"max-video-preview:-1"},"canonical":"https:\/\/www.fiasa.es\/es\/desarrollo-de-producto\/","og_locale":"es_ES","og_type":"article","og_title":"Desarrollo de producto - FIASA","og_url":"https:\/\/www.fiasa.es\/es\/desarrollo-de-producto\/","og_site_name":"FIASA","article_modified_time":"2019-06-11T09:01:02+00:00","twitter_card":"summary_large_image","twitter_misc":{"Tiempo de lectura":"3 minutos"},"schema":{"@context":"https:\/\/schema.org","@graph":[{"@type":"WebPage","@id":"https:\/\/www.fiasa.es\/es\/desarrollo-de-producto\/","url":"https:\/\/www.fiasa.es\/es\/desarrollo-de-producto\/","name":"Desarrollo de producto - FIASA","isPartOf":{"@id":"https:\/\/www.fiasa.es\/es\/#website"},"datePublished":"2016-02-08T16:07:23+00:00","dateModified":"2019-06-11T09:01:02+00:00","breadcrumb":{"@id":"https:\/\/www.fiasa.es\/es\/desarrollo-de-producto\/#breadcrumb"},"inLanguage":"es","potentialAction":[{"@type":"ReadAction","target":["https:\/\/www.fiasa.es\/es\/desarrollo-de-producto\/"]}]},{"@type":"BreadcrumbList","@id":"https:\/\/www.fiasa.es\/es\/desarrollo-de-producto\/#breadcrumb","itemListElement":[{"@type":"ListItem","position":1,"name":"Portada","item":"https:\/\/www.fiasa.es\/es\/"},{"@type":"ListItem","position":2,"name":"Desarrollo de producto"}]},{"@type":"WebSite","@id":"https:\/\/www.fiasa.es\/es\/#website","url":"https:\/\/www.fiasa.es\/es\/","name":"FIASA","description":"Aluminio fundido para la industria del autom\u00f3vil","potentialAction":[{"@type":"SearchAction","target":{"@type":"EntryPoint","urlTemplate":"https:\/\/www.fiasa.es\/es\/?s={search_term_string}"},"query-input":{"@type":"PropertyValueSpecification","valueRequired":true,"valueName":"search_term_string"}}],"inLanguage":"es"}]}},"_links":{"self":[{"href":"https:\/\/www.fiasa.es\/es\/wp-json\/wp\/v2\/pages\/3366","targetHints":{"allow":["GET"]}}],"collection":[{"href":"https:\/\/www.fiasa.es\/es\/wp-json\/wp\/v2\/pages"}],"about":[{"href":"https:\/\/www.fiasa.es\/es\/wp-json\/wp\/v2\/types\/page"}],"author":[{"embeddable":true,"href":"https:\/\/www.fiasa.es\/es\/wp-json\/wp\/v2\/users\/1"}],"replies":[{"embeddable":true,"href":"https:\/\/www.fiasa.es\/es\/wp-json\/wp\/v2\/comments?post=3366"}],"version-history":[{"count":6,"href":"https:\/\/www.fiasa.es\/es\/wp-json\/wp\/v2\/pages\/3366\/revisions"}],"predecessor-version":[{"id":4316,"href":"https:\/\/www.fiasa.es\/es\/wp-json\/wp\/v2\/pages\/3366\/revisions\/4316"}],"wp:attachment":[{"href":"https:\/\/www.fiasa.es\/es\/wp-json\/wp\/v2\/media?parent=3366"}],"curies":[{"name":"wp","href":"https:\/\/api.w.org\/{rel}","templated":true}]}}