{"id":3378,"date":"2016-02-08T17:17:07","date_gmt":"2016-02-08T16:17:07","guid":{"rendered":"http:\/\/www.fiasa.es\/?page_id=3378"},"modified":"2019-06-11T11:04:14","modified_gmt":"2019-06-11T09:04:14","slug":"ingenieria-de-materiales","status":"publish","type":"page","link":"https:\/\/www.fiasa.es\/es\/ingenieria-de-materiales\/","title":{"rendered":"Ingenier\u00eda de materiales"},"content":{"rendered":"\n<style type=\"text\/css\" data-created_by=\"avia_inline_auto\" id=\"style-css-av-kn8jmq-df7b63d459318465d3dc06105a35b120\">\n.avia-section.av-kn8jmq-df7b63d459318465d3dc06105a35b120{\nbackground-repeat:no-repeat;\nbackground-image:url(https:\/\/www.fiasa.es\/wp-content\/uploads\/2016\/02\/Fiasa-fondo-1.jpg);\nbackground-position:50% 100%;\nbackground-attachment:scroll;\n}\n<\/style>\n<div id='fondo-cabecera'  class='avia-section av-kn8jmq-df7b63d459318465d3dc06105a35b120 main_color avia-section-default avia-no-shadow  avia-builder-el-0  el_before_av_one_half  avia-builder-el-first  avia-full-stretch avia-bg-style-scroll av-minimum-height av-minimum-height-25  container_wrap sidebar_right'  data-section-bg-repeat='stretch' data-av_minimum_height_pc='25'><div class='container av-section-cont-open' ><main  role=\"main\" itemprop=\"mainContentOfPage\"  class='template-page content  av-content-small alpha units'><div class='post-entry post-entry-type-page post-entry-3378'><div class='entry-content-wrapper clearfix'>\n\n<style type=\"text\/css\" data-created_by=\"avia_inline_auto\" id=\"style-css-av-ijapf6-3d06846d2a68be6cee39feacd5d84fc8\">\n.flex_column.av-ijapf6-3d06846d2a68be6cee39feacd5d84fc8{\n-webkit-border-radius:0px 0px 0px 0px;\n-moz-border-radius:0px 0px 0px 0px;\nborder-radius:0px 0px 0px 0px;\npadding:0px 0px 0px 0px;\n}\n<\/style>\n<div class='flex_column av-ijapf6-3d06846d2a68be6cee39feacd5d84fc8 av_one_half  avia-builder-el-1  avia-builder-el-no-sibling  first flex_column_div av-zero-column-padding '     ><section  class='av_textblock_section av-hlfcte-0203e9d2f8ab030b46e1bcbd06e9375e'  itemscope=\"itemscope\" itemtype=\"https:\/\/schema.org\/CreativeWork\" ><div class='avia_textblock'  itemprop=\"text\" ><p>Ingenier\u00eda de Materiales:<br \/>\nCapacidad de Desarrollo, Calidad, Precios Competitivos<\/p>\n<\/div><\/section><\/div>\n<\/div><\/div><\/main><!-- close content main element --><\/div><\/div><div id='after_section_1'  class='main_color av_default_container_wrap container_wrap sidebar_right'  ><div class='container av-section-cont-open' ><div class='template-page content  av-content-small alpha units'><div class='post-entry post-entry-type-page post-entry-3378'><div class='entry-content-wrapper clearfix'>\n\n<style type=\"text\/css\" data-created_by=\"avia_inline_auto\" id=\"style-css-av-fjg8wi-cad2e9af6290d20f48ce2c18432f0a46\">\n.flex_column.av-fjg8wi-cad2e9af6290d20f48ce2c18432f0a46{\n-webkit-border-radius:0px 0px 0px 0px;\n-moz-border-radius:0px 0px 0px 0px;\nborder-radius:0px 0px 0px 0px;\npadding:0px 0px 0px 0px;\n}\n<\/style>\n<div class='flex_column av-fjg8wi-cad2e9af6290d20f48ce2c18432f0a46 av_one_half  avia-builder-el-3  el_after_av_section  el_before_av_one_half  avia-builder-el-first  first flex_column_div av-zero-column-padding '     ><div  class='avia-slideshow av-1f4s1e-d866374873b3a1aabf725afa3cb2cbf9 avia-slideshow-portfolio av_slideshow avia-slide-slider  avia-builder-el-4  avia-builder-el-no-sibling  av-slideshow-ui av-slideshow-autoplay av-loop-endless av-loop-manual-endless av-default-height-applied avia-slideshow-1' data-slideshow-options=\"{&quot;animation&quot;:&quot;slide&quot;,&quot;autoplay&quot;:true,&quot;loop_autoplay&quot;:&quot;endless&quot;,&quot;interval&quot;:4,&quot;loop_manual&quot;:&quot;manual-endless&quot;,&quot;autoplay_stopper&quot;:false,&quot;noNavigation&quot;:false,&quot;bg_slider&quot;:false,&quot;keep_padding&quot;:false,&quot;hoverpause&quot;:false,&quot;show_slide_delay&quot;:0}\"  itemprop=\"image\" itemscope=\"itemscope\" itemtype=\"https:\/\/schema.org\/ImageObject\" ><ul class='avia-slideshow-inner ' style='padding-bottom: 80.808080808081%;'><li  class='avia-slideshow-slide av-1f4s1e-d866374873b3a1aabf725afa3cb2cbf9__0  slide-1 slide-odd'><div data-rel='slideshow-1' class='avia-slide-wrap '   ><img decoding=\"async\" class=\"wp-image-3771 avia-img-lazy-loading-not-3771\"  src=\"https:\/\/www.fiasa.es\/wp-content\/uploads\/2016\/02\/DESARROLLO-DE-MATERIALES-Fiasa-006-495x400.jpg\" width=\"495\" height=\"400\" title='DESARROLLO-DE-MATERIALES-FIASA-006' alt=''  itemprop=\"thumbnailUrl\"   \/><\/div><\/li><li  class='avia-slideshow-slide av-1f4s1e-d866374873b3a1aabf725afa3cb2cbf9__1  slide-2 slide-even'><div data-rel='slideshow-1' class='avia-slide-wrap '   ><img decoding=\"async\" class=\"wp-image-3775 avia-img-lazy-loading-not-3775\"  src=\"https:\/\/www.fiasa.es\/wp-content\/uploads\/2016\/02\/DESARROLLO-DE-MATERIALES-Fiasa-018-495x400.jpg\" width=\"495\" height=\"400\" title='DESARROLLO-DE-MATERIALES-FIASA-018' alt=''  itemprop=\"thumbnailUrl\"   \/><\/div><\/li><li  class='avia-slideshow-slide av-1f4s1e-d866374873b3a1aabf725afa3cb2cbf9__2  slide-3 slide-odd'><div data-rel='slideshow-1' class='avia-slide-wrap '   ><img decoding=\"async\" class=\"wp-image-3960 avia-img-lazy-loading-not-3960\"  src=\"https:\/\/www.fiasa.es\/wp-content\/uploads\/2016\/02\/DESARROLLO-DE-MATERIALES-Fiasa-3-495x400.jpg\" width=\"495\" height=\"400\" title='DESARROLLO-DE-MATERIALES-FIASA-3' alt=''  itemprop=\"thumbnailUrl\" srcset=\"https:\/\/www.fiasa.es\/wp-content\/uploads\/2016\/02\/DESARROLLO-DE-MATERIALES-Fiasa-3-495x400.jpg 495w, https:\/\/www.fiasa.es\/wp-content\/uploads\/2016\/02\/DESARROLLO-DE-MATERIALES-Fiasa-3-845x684.jpg 845w\" sizes=\"(max-width: 495px) 100vw, 495px\" \/><\/div><\/li><li  class='avia-slideshow-slide av-1f4s1e-d866374873b3a1aabf725afa3cb2cbf9__3  slide-4 slide-even'><div data-rel='slideshow-1' class='avia-slide-wrap '   ><img decoding=\"async\" class=\"wp-image-3964 avia-img-lazy-loading-not-3964\"  src=\"https:\/\/www.fiasa.es\/wp-content\/uploads\/2016\/02\/DESARROLLO-DE-MATERIALES-Fiasa-4-495x400.jpg\" width=\"495\" height=\"400\" title='DESARROLLO-DE-MATERIALES-FIASA-4' alt=''  itemprop=\"thumbnailUrl\"   \/><\/div><\/li><li  class='avia-slideshow-slide av-1f4s1e-d866374873b3a1aabf725afa3cb2cbf9__4  slide-5 slide-odd'><div data-rel='slideshow-1' class='avia-slide-wrap '   ><img decoding=\"async\" class=\"wp-image-3968 avia-img-lazy-loading-not-3968\"  src=\"https:\/\/www.fiasa.es\/wp-content\/uploads\/2016\/02\/DESARROLLO-DE-MATERIALES-Fiasa-5-495x400.jpg\" width=\"495\" height=\"400\" title='DESARROLLO-DE-MATERIALES-FIASA-5' alt=''  itemprop=\"thumbnailUrl\" srcset=\"https:\/\/www.fiasa.es\/wp-content\/uploads\/2016\/02\/DESARROLLO-DE-MATERIALES-Fiasa-5-495x400.jpg 495w, https:\/\/www.fiasa.es\/wp-content\/uploads\/2016\/02\/DESARROLLO-DE-MATERIALES-Fiasa-5-845x684.jpg 845w\" sizes=\"(max-width: 495px) 100vw, 495px\" \/><\/div><\/li><\/ul><div class='avia-slideshow-arrows avia-slideshow-controls' ><a href='#prev' class='prev-slide ' aria-hidden='true' data-av_icon='\ue87c' data-av_iconfont='entypo-fontello'  tabindex='-1'>Anterior<\/a><a href='#next' class='next-slide ' aria-hidden='true' data-av_icon='\ue87d' data-av_iconfont='entypo-fontello'  tabindex='-1'>Posterior<\/a><\/div><div class='avia-slideshow-dots avia-slideshow-controls'><a href='#1' class='goto-slide active' >1<\/a><a href='#2' class='goto-slide ' >2<\/a><a href='#3' class='goto-slide ' >3<\/a><a href='#4' class='goto-slide ' >4<\/a><a href='#5' class='goto-slide ' >5<\/a><\/div><\/div><\/div>\n\n<style type=\"text\/css\" data-created_by=\"avia_inline_auto\" id=\"style-css-av-45xg5u-caa314076909c8d5e6c0baeaefdec172\">\n.flex_column.av-45xg5u-caa314076909c8d5e6c0baeaefdec172{\n-webkit-border-radius:0px 0px 0px 0px;\n-moz-border-radius:0px 0px 0px 0px;\nborder-radius:0px 0px 0px 0px;\npadding:0px 0px 0px 0px;\n}\n<\/style>\n<div class='flex_column av-45xg5u-caa314076909c8d5e6c0baeaefdec172 av_one_half  avia-builder-el-5  el_after_av_one_half  avia-builder-el-last  flex_column_div av-zero-column-padding '     ><section  class='av_textblock_section av-27sddu-bdba5d8907c66bb52c2e0d67c7eb8248'  itemscope=\"itemscope\" itemtype=\"https:\/\/schema.org\/CreativeWork\" ><div class='avia_textblock'  itemprop=\"text\" ><h1>FIASA &#8211; Ingenier\u00eda de Materiales<\/h1>\n<p>Nuestro programa de producci\u00f3n engloba actualmente las siguientes <strong>aleaciones de aluminio<\/strong>:<\/p>\n<ul>\n<li>AlSi9Cu3 (Fe) = EN-AC-46000 = DIN 226.<\/li>\n<li>AlSi12Cu1 (Fe) = EN-AC-47100 = DIN 231.<\/li>\n<li>AlSi10Mg (Fe) = EN-AC-43400 = DIN 239 D.<\/li>\n<li>AlSi10MnMg = EN-AC-43500 (modificado con A &gt; 5% en bruto).<\/li>\n<\/ul>\n<p>Durante la fase de desarrollo de producto apoyamos a nuestros clientes en la selecci\u00f3n de la aleaci\u00f3n \u00f3ptima, teniendo en cuenta tambi\u00e9n aleaciones especiales.<br \/>\nDurante la fase de desarrollo y de fabricaci\u00f3n en serie realizamos an\u00e1lisis metalogr\u00e1ficos con los medios m\u00e1s avanzados.<\/p>\n<p>Realizamos:<\/p>\n<ul>\n<li><strong>An\u00e1lisis de microestructura<\/strong><\/li>\n<li><strong>An\u00e1lisis de porosidad<\/strong><\/li>\n<li><strong>An\u00e1lisis de microestructura<br \/>\n<\/strong><\/li>\n<li><strong>An\u00e1lisis de las caracter\u00edsticas mec\u00e1nicas de las piezas<\/strong><\/li>\n<\/ul>\n<p>Esto nos permite controlar las caracter\u00edsticas de cada aleaci\u00f3n y controlar nuestros procesos de fabricaci\u00f3n de manera cuantitativa y cualitativa.<\/p>\n<\/div><\/section><\/div>\n","protected":false},"excerpt":{"rendered":"","protected":false},"author":1,"featured_media":0,"parent":0,"menu_order":0,"comment_status":"closed","ping_status":"closed","template":"","meta":{"footnotes":""},"class_list":["post-3378","page","type-page","status-publish","hentry"],"yoast_head":"<!-- This site is optimized with the Yoast SEO plugin v27.2 - https:\/\/yoast.com\/product\/yoast-seo-wordpress\/ -->\n<title>Ingenier\u00eda de materiales - FIASA<\/title>\n<meta name=\"robots\" content=\"index, follow, max-snippet:-1, max-image-preview:large, max-video-preview:-1\" \/>\n<link rel=\"canonical\" href=\"https:\/\/www.fiasa.es\/es\/ingenieria-de-materiales\/\" \/>\n<meta property=\"og:locale\" content=\"es_ES\" \/>\n<meta property=\"og:type\" content=\"article\" \/>\n<meta property=\"og:title\" content=\"Ingenier\u00eda de materiales - FIASA\" \/>\n<meta property=\"og:url\" content=\"https:\/\/www.fiasa.es\/es\/ingenieria-de-materiales\/\" \/>\n<meta property=\"og:site_name\" content=\"FIASA\" \/>\n<meta property=\"article:modified_time\" content=\"2019-06-11T09:04:14+00:00\" \/>\n<meta name=\"twitter:card\" content=\"summary_large_image\" \/>\n<meta name=\"twitter:label1\" content=\"Tiempo de lectura\" \/>\n\t<meta name=\"twitter:data1\" content=\"3 minutos\" \/>\n<script type=\"application\/ld+json\" class=\"yoast-schema-graph\">{\"@context\":\"https:\/\/schema.org\",\"@graph\":[{\"@type\":\"WebPage\",\"@id\":\"https:\/\/www.fiasa.es\/es\/ingenieria-de-materiales\/\",\"url\":\"https:\/\/www.fiasa.es\/es\/ingenieria-de-materiales\/\",\"name\":\"Ingenier\u00eda de materiales - FIASA\",\"isPartOf\":{\"@id\":\"https:\/\/www.fiasa.es\/es\/#website\"},\"datePublished\":\"2016-02-08T16:17:07+00:00\",\"dateModified\":\"2019-06-11T09:04:14+00:00\",\"breadcrumb\":{\"@id\":\"https:\/\/www.fiasa.es\/es\/ingenieria-de-materiales\/#breadcrumb\"},\"inLanguage\":\"es\",\"potentialAction\":[{\"@type\":\"ReadAction\",\"target\":[\"https:\/\/www.fiasa.es\/es\/ingenieria-de-materiales\/\"]}]},{\"@type\":\"BreadcrumbList\",\"@id\":\"https:\/\/www.fiasa.es\/es\/ingenieria-de-materiales\/#breadcrumb\",\"itemListElement\":[{\"@type\":\"ListItem\",\"position\":1,\"name\":\"Portada\",\"item\":\"https:\/\/www.fiasa.es\/es\/\"},{\"@type\":\"ListItem\",\"position\":2,\"name\":\"Ingenier\u00eda de materiales\"}]},{\"@type\":\"WebSite\",\"@id\":\"https:\/\/www.fiasa.es\/es\/#website\",\"url\":\"https:\/\/www.fiasa.es\/es\/\",\"name\":\"FIASA\",\"description\":\"Aluminio fundido para la industria del autom\u00f3vil\",\"potentialAction\":[{\"@type\":\"SearchAction\",\"target\":{\"@type\":\"EntryPoint\",\"urlTemplate\":\"https:\/\/www.fiasa.es\/es\/?s={search_term_string}\"},\"query-input\":{\"@type\":\"PropertyValueSpecification\",\"valueRequired\":true,\"valueName\":\"search_term_string\"}}],\"inLanguage\":\"es\"}]}<\/script>\n<!-- \/ Yoast SEO plugin. -->","yoast_head_json":{"title":"Ingenier\u00eda de materiales - FIASA","robots":{"index":"index","follow":"follow","max-snippet":"max-snippet:-1","max-image-preview":"max-image-preview:large","max-video-preview":"max-video-preview:-1"},"canonical":"https:\/\/www.fiasa.es\/es\/ingenieria-de-materiales\/","og_locale":"es_ES","og_type":"article","og_title":"Ingenier\u00eda de materiales - FIASA","og_url":"https:\/\/www.fiasa.es\/es\/ingenieria-de-materiales\/","og_site_name":"FIASA","article_modified_time":"2019-06-11T09:04:14+00:00","twitter_card":"summary_large_image","twitter_misc":{"Tiempo de lectura":"3 minutos"},"schema":{"@context":"https:\/\/schema.org","@graph":[{"@type":"WebPage","@id":"https:\/\/www.fiasa.es\/es\/ingenieria-de-materiales\/","url":"https:\/\/www.fiasa.es\/es\/ingenieria-de-materiales\/","name":"Ingenier\u00eda de materiales - FIASA","isPartOf":{"@id":"https:\/\/www.fiasa.es\/es\/#website"},"datePublished":"2016-02-08T16:17:07+00:00","dateModified":"2019-06-11T09:04:14+00:00","breadcrumb":{"@id":"https:\/\/www.fiasa.es\/es\/ingenieria-de-materiales\/#breadcrumb"},"inLanguage":"es","potentialAction":[{"@type":"ReadAction","target":["https:\/\/www.fiasa.es\/es\/ingenieria-de-materiales\/"]}]},{"@type":"BreadcrumbList","@id":"https:\/\/www.fiasa.es\/es\/ingenieria-de-materiales\/#breadcrumb","itemListElement":[{"@type":"ListItem","position":1,"name":"Portada","item":"https:\/\/www.fiasa.es\/es\/"},{"@type":"ListItem","position":2,"name":"Ingenier\u00eda de materiales"}]},{"@type":"WebSite","@id":"https:\/\/www.fiasa.es\/es\/#website","url":"https:\/\/www.fiasa.es\/es\/","name":"FIASA","description":"Aluminio fundido para la industria del autom\u00f3vil","potentialAction":[{"@type":"SearchAction","target":{"@type":"EntryPoint","urlTemplate":"https:\/\/www.fiasa.es\/es\/?s={search_term_string}"},"query-input":{"@type":"PropertyValueSpecification","valueRequired":true,"valueName":"search_term_string"}}],"inLanguage":"es"}]}},"_links":{"self":[{"href":"https:\/\/www.fiasa.es\/es\/wp-json\/wp\/v2\/pages\/3378","targetHints":{"allow":["GET"]}}],"collection":[{"href":"https:\/\/www.fiasa.es\/es\/wp-json\/wp\/v2\/pages"}],"about":[{"href":"https:\/\/www.fiasa.es\/es\/wp-json\/wp\/v2\/types\/page"}],"author":[{"embeddable":true,"href":"https:\/\/www.fiasa.es\/es\/wp-json\/wp\/v2\/users\/1"}],"replies":[{"embeddable":true,"href":"https:\/\/www.fiasa.es\/es\/wp-json\/wp\/v2\/comments?post=3378"}],"version-history":[{"count":8,"href":"https:\/\/www.fiasa.es\/es\/wp-json\/wp\/v2\/pages\/3378\/revisions"}],"predecessor-version":[{"id":4321,"href":"https:\/\/www.fiasa.es\/es\/wp-json\/wp\/v2\/pages\/3378\/revisions\/4321"}],"wp:attachment":[{"href":"https:\/\/www.fiasa.es\/es\/wp-json\/wp\/v2\/media?parent=3378"}],"curies":[{"name":"wp","href":"https:\/\/api.w.org\/{rel}","templated":true}]}}