{"id":3382,"date":"2016-02-08T17:32:42","date_gmt":"2016-02-08T16:32:42","guid":{"rendered":"http:\/\/www.fiasa.es\/?page_id=3382"},"modified":"2019-06-11T13:07:44","modified_gmt":"2019-06-11T11:07:44","slug":"calidad","status":"publish","type":"page","link":"https:\/\/www.fiasa.es\/es\/calidad\/","title":{"rendered":"Calidad"},"content":{"rendered":"\n<style type=\"text\/css\" data-created_by=\"avia_inline_auto\" id=\"style-css-av-iynh46-49211e4f4fedca28b8ab91c8fc9305fb\">\n.avia-section.av-iynh46-49211e4f4fedca28b8ab91c8fc9305fb{\nbackground-repeat:no-repeat;\nbackground-image:url(https:\/\/www.fiasa.es\/wp-content\/uploads\/2016\/02\/Fiasa-fondo-1.jpg);\nbackground-position:50% 100%;\nbackground-attachment:scroll;\n}\n<\/style>\n<div id='fondo-cabecera'  class='avia-section av-iynh46-49211e4f4fedca28b8ab91c8fc9305fb main_color avia-section-default avia-no-shadow  avia-builder-el-0  el_before_av_one_half  avia-builder-el-first  avia-full-stretch avia-bg-style-scroll av-minimum-height av-minimum-height-25  container_wrap sidebar_right'  data-section-bg-repeat='stretch' data-av_minimum_height_pc='25'><div class='container av-section-cont-open' ><main  role=\"main\" itemprop=\"mainContentOfPage\"  class='template-page content  av-content-small alpha units'><div class='post-entry post-entry-type-page post-entry-3382'><div class='entry-content-wrapper clearfix'>\n\n<style type=\"text\/css\" data-created_by=\"avia_inline_auto\" id=\"style-css-av-i0vzee-03cdbf80fde2fe03e4d6fb87569917af\">\n.flex_column.av-i0vzee-03cdbf80fde2fe03e4d6fb87569917af{\n-webkit-border-radius:0px 0px 0px 0px;\n-moz-border-radius:0px 0px 0px 0px;\nborder-radius:0px 0px 0px 0px;\npadding:0px 0px 0px 0px;\n}\n<\/style>\n<div class='flex_column av-i0vzee-03cdbf80fde2fe03e4d6fb87569917af av_one_half  avia-builder-el-1  avia-builder-el-no-sibling  first flex_column_div av-zero-column-padding '     ><section  class='av_textblock_section av-fbljfq-ad487cac175258ad92cbe50e91c31148'  itemscope=\"itemscope\" itemtype=\"https:\/\/schema.org\/CreativeWork\" ><div class='avia_textblock'  itemprop=\"text\" ><p>Estrategia de Cero Defectos<\/p>\n<\/div><\/section><\/div>\n<\/div><\/div><\/main><!-- close content main element --><\/div><\/div><div id='after_section_1'  class='main_color av_default_container_wrap container_wrap sidebar_right'  ><div class='container av-section-cont-open' ><div class='template-page content  av-content-small alpha units'><div class='post-entry post-entry-type-page post-entry-3382'><div class='entry-content-wrapper clearfix'>\n\n<style type=\"text\/css\" data-created_by=\"avia_inline_auto\" id=\"style-css-av-egacqe-e687506e2710263613e57fd4e37eb665\">\n.flex_column.av-egacqe-e687506e2710263613e57fd4e37eb665{\n-webkit-border-radius:0px 0px 0px 0px;\n-moz-border-radius:0px 0px 0px 0px;\nborder-radius:0px 0px 0px 0px;\npadding:0px 0px 0px 0px;\n}\n<\/style>\n<div class='flex_column av-egacqe-e687506e2710263613e57fd4e37eb665 av_one_half  avia-builder-el-3  el_after_av_section  el_before_av_one_half  avia-builder-el-first  first flex_column_div av-zero-column-padding '     ><div  class='avia-slideshow av-ck0ksm-4740eb5e5236f7cbf1441583769b7dc7 avia-slideshow-portfolio av_slideshow avia-slide-slider  avia-builder-el-4  avia-builder-el-no-sibling  av-slideshow-ui av-slideshow-autoplay av-loop-endless av-loop-manual-endless av-default-height-applied avia-slideshow-1' data-slideshow-options=\"{&quot;animation&quot;:&quot;slide&quot;,&quot;autoplay&quot;:true,&quot;loop_autoplay&quot;:&quot;endless&quot;,&quot;interval&quot;:4,&quot;loop_manual&quot;:&quot;manual-endless&quot;,&quot;autoplay_stopper&quot;:false,&quot;noNavigation&quot;:false,&quot;bg_slider&quot;:false,&quot;keep_padding&quot;:false,&quot;hoverpause&quot;:false,&quot;show_slide_delay&quot;:0}\"  itemprop=\"image\" itemscope=\"itemscope\" itemtype=\"https:\/\/schema.org\/ImageObject\" ><ul class='avia-slideshow-inner ' style='padding-bottom: 80.808080808081%;'><li  class='avia-slideshow-slide av-ck0ksm-4740eb5e5236f7cbf1441583769b7dc7__0  slide-1 slide-odd'><div data-rel='slideshow-1' class='avia-slide-wrap '   ><img decoding=\"async\" class=\"wp-image-3732 avia-img-lazy-loading-not-3732\"  src=\"https:\/\/www.fiasa.es\/wp-content\/uploads\/2016\/02\/CALIDAD-Fiasa-495x400.jpg\" width=\"495\" height=\"400\" title='CALIDAD-FIASA' alt=''  itemprop=\"thumbnailUrl\"   \/><\/div><\/li><li  class='avia-slideshow-slide av-ck0ksm-4740eb5e5236f7cbf1441583769b7dc7__1  slide-2 slide-even'><div data-rel='slideshow-1' class='avia-slide-wrap '   ><img decoding=\"async\" class=\"wp-image-3736 avia-img-lazy-loading-not-3736\"  src=\"https:\/\/www.fiasa.es\/wp-content\/uploads\/2016\/02\/CALIDAD-Fiasa-2-495x400.jpg\" width=\"495\" height=\"400\" title='CALIDAD-FIASA-2' alt=''  itemprop=\"thumbnailUrl\"   \/><\/div><\/li><li  class='avia-slideshow-slide av-ck0ksm-4740eb5e5236f7cbf1441583769b7dc7__2  slide-3 slide-odd'><div data-rel='slideshow-1' class='avia-slide-wrap '   ><img decoding=\"async\" class=\"wp-image-4007 avia-img-lazy-loading-not-4007\"  src=\"https:\/\/www.fiasa.es\/wp-content\/uploads\/2016\/02\/CALIDAD-Fiasa-3-495x400.jpg\" width=\"495\" height=\"400\" title='CALIDAD-FIASA-3' alt=''  itemprop=\"thumbnailUrl\"   \/><\/div><\/li><li  class='avia-slideshow-slide av-ck0ksm-4740eb5e5236f7cbf1441583769b7dc7__3  slide-4 slide-even'><div data-rel='slideshow-1' class='avia-slide-wrap '   ><img decoding=\"async\" class=\"wp-image-4011 avia-img-lazy-loading-not-4011\"  src=\"https:\/\/www.fiasa.es\/wp-content\/uploads\/2016\/02\/CALIDAD-Fiasa-4-495x400.jpg\" width=\"495\" height=\"400\" title='CALIDAD-FIASA-4' alt=''  itemprop=\"thumbnailUrl\"   \/><\/div><\/li><\/ul><div class='avia-slideshow-arrows avia-slideshow-controls' ><a href='#prev' class='prev-slide ' aria-hidden='true' data-av_icon='\ue87c' data-av_iconfont='entypo-fontello'  tabindex='-1'>Anterior<\/a><a href='#next' class='next-slide ' aria-hidden='true' data-av_icon='\ue87d' data-av_iconfont='entypo-fontello'  tabindex='-1'>Posterior<\/a><\/div><div class='avia-slideshow-dots avia-slideshow-controls'><a href='#1' class='goto-slide active' >1<\/a><a href='#2' class='goto-slide ' >2<\/a><a href='#3' class='goto-slide ' >3<\/a><a href='#4' class='goto-slide ' >4<\/a><\/div><\/div><\/div>\n\n<style type=\"text\/css\" data-created_by=\"avia_inline_auto\" id=\"style-css-av-3vdv1i-81fe50c8842a3180cea3a59fb8ec87e8\">\n.flex_column.av-3vdv1i-81fe50c8842a3180cea3a59fb8ec87e8{\n-webkit-border-radius:0px 0px 0px 0px;\n-moz-border-radius:0px 0px 0px 0px;\nborder-radius:0px 0px 0px 0px;\npadding:0px 0px 0px 0px;\n}\n<\/style>\n<div class='flex_column av-3vdv1i-81fe50c8842a3180cea3a59fb8ec87e8 av_one_half  avia-builder-el-5  el_after_av_one_half  avia-builder-el-last  flex_column_div av-zero-column-padding '     ><section  class='av_textblock_section av-39u6nq-d1c639039727cf4fac5bf42f924d5373'  itemscope=\"itemscope\" itemtype=\"https:\/\/schema.org\/CreativeWork\" ><div class='avia_textblock'  itemprop=\"text\" ><h1>FIASA &#8211; Estrategia de Cero-Defectos<\/h1>\n<p>Nuestro objetivo es la <strong>satisfacci\u00f3n de los clientes<\/strong> mediante la excelencia que se fundamenta en:<\/p>\n<ul>\n<li>Gesti\u00f3n por procesos<\/li>\n<li>Estudios de factibilidad consecuentes<\/li>\n<li>Aplicaci\u00f3n y actualizaci\u00f3n permanente de AMFEs<\/li>\n<li>Procesos industriales robustos<\/li>\n<li>Trabajo en equipo para la Mejora Continua<\/li>\n<li>Utilizaci\u00f3n de m\u00e9todos avanzados de medici\u00f3n<\/li>\n<\/ul>\n<p>Nuestro laboratorio de calidad est\u00e1 compuesto entre otros por: Equipo de Rayos-X digital y CT, Microscopio metalogr\u00e1fico, Espectrometro, CMM, Laboratorio para la Limpieza (seg\u00fan VDA 19), M\u00e1quina de Ensayos, etc.<\/p>\n<p>Cada empleado es parte integrante de esta estrategia. Nuestro <strong>programa de formaci\u00f3n<\/strong> (que consiste en ciclos formativos con tutores internos y externos) est\u00e1 dirigido hacia la preparaci\u00f3n y cualificaci\u00f3n de cada empleado para que pueda aportar todas sus capacidades a la cadena de valor.<\/p>\n<h2>Certificados<\/h2>\n<p>Nos avalan nuestras Certificaciones que actualmente son:<\/p>\n<ul>\n<li><strong>IATF 16949: 201<\/strong><\/li>\n<li><strong>ISO 9001: 2015<\/strong><\/li>\n<li><strong>ISO 14001<\/strong><\/li>\n<\/ul>\n<p>Igualmente contamos con evaluaciones realizadas por clientes en base a referenciales VDA.<\/p>\n<\/div><\/section><\/div>\n","protected":false},"excerpt":{"rendered":"","protected":false},"author":1,"featured_media":0,"parent":0,"menu_order":0,"comment_status":"closed","ping_status":"closed","template":"","meta":{"footnotes":""},"class_list":["post-3382","page","type-page","status-publish","hentry"],"yoast_head":"<!-- This site is optimized with the Yoast SEO plugin v27.2 - https:\/\/yoast.com\/product\/yoast-seo-wordpress\/ -->\n<title>Calidad - FIASA<\/title>\n<meta name=\"robots\" content=\"index, follow, max-snippet:-1, max-image-preview:large, max-video-preview:-1\" \/>\n<link rel=\"canonical\" href=\"https:\/\/www.fiasa.es\/es\/calidad\/\" \/>\n<meta property=\"og:locale\" content=\"es_ES\" \/>\n<meta property=\"og:type\" content=\"article\" \/>\n<meta property=\"og:title\" content=\"Calidad - FIASA\" \/>\n<meta property=\"og:url\" content=\"https:\/\/www.fiasa.es\/es\/calidad\/\" \/>\n<meta property=\"og:site_name\" content=\"FIASA\" \/>\n<meta property=\"article:modified_time\" content=\"2019-06-11T11:07:44+00:00\" \/>\n<meta name=\"twitter:card\" content=\"summary_large_image\" \/>\n<meta name=\"twitter:label1\" content=\"Tiempo de lectura\" \/>\n\t<meta name=\"twitter:data1\" content=\"3 minutos\" \/>\n<script type=\"application\/ld+json\" class=\"yoast-schema-graph\">{\"@context\":\"https:\/\/schema.org\",\"@graph\":[{\"@type\":\"WebPage\",\"@id\":\"https:\/\/www.fiasa.es\/es\/calidad\/\",\"url\":\"https:\/\/www.fiasa.es\/es\/calidad\/\",\"name\":\"Calidad - FIASA\",\"isPartOf\":{\"@id\":\"https:\/\/www.fiasa.es\/es\/#website\"},\"datePublished\":\"2016-02-08T16:32:42+00:00\",\"dateModified\":\"2019-06-11T11:07:44+00:00\",\"breadcrumb\":{\"@id\":\"https:\/\/www.fiasa.es\/es\/calidad\/#breadcrumb\"},\"inLanguage\":\"es\",\"potentialAction\":[{\"@type\":\"ReadAction\",\"target\":[\"https:\/\/www.fiasa.es\/es\/calidad\/\"]}]},{\"@type\":\"BreadcrumbList\",\"@id\":\"https:\/\/www.fiasa.es\/es\/calidad\/#breadcrumb\",\"itemListElement\":[{\"@type\":\"ListItem\",\"position\":1,\"name\":\"Portada\",\"item\":\"https:\/\/www.fiasa.es\/es\/\"},{\"@type\":\"ListItem\",\"position\":2,\"name\":\"Calidad\"}]},{\"@type\":\"WebSite\",\"@id\":\"https:\/\/www.fiasa.es\/es\/#website\",\"url\":\"https:\/\/www.fiasa.es\/es\/\",\"name\":\"FIASA\",\"description\":\"Aluminio fundido para la industria del autom\u00f3vil\",\"potentialAction\":[{\"@type\":\"SearchAction\",\"target\":{\"@type\":\"EntryPoint\",\"urlTemplate\":\"https:\/\/www.fiasa.es\/es\/?s={search_term_string}\"},\"query-input\":{\"@type\":\"PropertyValueSpecification\",\"valueRequired\":true,\"valueName\":\"search_term_string\"}}],\"inLanguage\":\"es\"}]}<\/script>\n<!-- \/ Yoast SEO plugin. -->","yoast_head_json":{"title":"Calidad - FIASA","robots":{"index":"index","follow":"follow","max-snippet":"max-snippet:-1","max-image-preview":"max-image-preview:large","max-video-preview":"max-video-preview:-1"},"canonical":"https:\/\/www.fiasa.es\/es\/calidad\/","og_locale":"es_ES","og_type":"article","og_title":"Calidad - FIASA","og_url":"https:\/\/www.fiasa.es\/es\/calidad\/","og_site_name":"FIASA","article_modified_time":"2019-06-11T11:07:44+00:00","twitter_card":"summary_large_image","twitter_misc":{"Tiempo de lectura":"3 minutos"},"schema":{"@context":"https:\/\/schema.org","@graph":[{"@type":"WebPage","@id":"https:\/\/www.fiasa.es\/es\/calidad\/","url":"https:\/\/www.fiasa.es\/es\/calidad\/","name":"Calidad - FIASA","isPartOf":{"@id":"https:\/\/www.fiasa.es\/es\/#website"},"datePublished":"2016-02-08T16:32:42+00:00","dateModified":"2019-06-11T11:07:44+00:00","breadcrumb":{"@id":"https:\/\/www.fiasa.es\/es\/calidad\/#breadcrumb"},"inLanguage":"es","potentialAction":[{"@type":"ReadAction","target":["https:\/\/www.fiasa.es\/es\/calidad\/"]}]},{"@type":"BreadcrumbList","@id":"https:\/\/www.fiasa.es\/es\/calidad\/#breadcrumb","itemListElement":[{"@type":"ListItem","position":1,"name":"Portada","item":"https:\/\/www.fiasa.es\/es\/"},{"@type":"ListItem","position":2,"name":"Calidad"}]},{"@type":"WebSite","@id":"https:\/\/www.fiasa.es\/es\/#website","url":"https:\/\/www.fiasa.es\/es\/","name":"FIASA","description":"Aluminio fundido para la industria del autom\u00f3vil","potentialAction":[{"@type":"SearchAction","target":{"@type":"EntryPoint","urlTemplate":"https:\/\/www.fiasa.es\/es\/?s={search_term_string}"},"query-input":{"@type":"PropertyValueSpecification","valueRequired":true,"valueName":"search_term_string"}}],"inLanguage":"es"}]}},"_links":{"self":[{"href":"https:\/\/www.fiasa.es\/es\/wp-json\/wp\/v2\/pages\/3382","targetHints":{"allow":["GET"]}}],"collection":[{"href":"https:\/\/www.fiasa.es\/es\/wp-json\/wp\/v2\/pages"}],"about":[{"href":"https:\/\/www.fiasa.es\/es\/wp-json\/wp\/v2\/types\/page"}],"author":[{"embeddable":true,"href":"https:\/\/www.fiasa.es\/es\/wp-json\/wp\/v2\/users\/1"}],"replies":[{"embeddable":true,"href":"https:\/\/www.fiasa.es\/es\/wp-json\/wp\/v2\/comments?post=3382"}],"version-history":[{"count":12,"href":"https:\/\/www.fiasa.es\/es\/wp-json\/wp\/v2\/pages\/3382\/revisions"}],"predecessor-version":[{"id":4607,"href":"https:\/\/www.fiasa.es\/es\/wp-json\/wp\/v2\/pages\/3382\/revisions\/4607"}],"wp:attachment":[{"href":"https:\/\/www.fiasa.es\/es\/wp-json\/wp\/v2\/media?parent=3382"}],"curies":[{"name":"wp","href":"https:\/\/api.w.org\/{rel}","templated":true}]}}