{"id":3388,"date":"2016-02-08T17:37:58","date_gmt":"2016-02-08T16:37:58","guid":{"rendered":"http:\/\/www.fiasa.es\/?page_id=3388"},"modified":"2019-06-18T10:39:53","modified_gmt":"2019-06-18T08:39:53","slug":"fundicion-inyectada","status":"publish","type":"page","link":"https:\/\/www.fiasa.es\/es\/fundicion-inyectada\/","title":{"rendered":"Fundici\u00f3n inyectada"},"content":{"rendered":"\n<style type=\"text\/css\" data-created_by=\"avia_inline_auto\" id=\"style-css-av-2czp7w-b0693d0e03c03142f2d378aaf2fcee05\">\n.avia-section.av-2czp7w-b0693d0e03c03142f2d378aaf2fcee05{\nbackground-repeat:no-repeat;\nbackground-image:url(https:\/\/www.fiasa.es\/wp-content\/uploads\/2016\/02\/Fiasa-fondo-1.jpg);\nbackground-position:50% 100%;\nbackground-attachment:scroll;\n}\n<\/style>\n<div id='fondo-cabecera'  class='avia-section av-2czp7w-b0693d0e03c03142f2d378aaf2fcee05 main_color avia-section-default avia-no-shadow  avia-builder-el-0  el_before_av_one_half  avia-builder-el-first  avia-full-stretch avia-bg-style-scroll av-minimum-height av-minimum-height-25  container_wrap sidebar_right'  data-section-bg-repeat='stretch' data-av_minimum_height_pc='25'><div class='container av-section-cont-open' ><main  role=\"main\" itemprop=\"mainContentOfPage\"  class='template-page content  av-content-small alpha units'><div class='post-entry post-entry-type-page post-entry-3388'><div class='entry-content-wrapper clearfix'>\n\n<style type=\"text\/css\" data-created_by=\"avia_inline_auto\" id=\"style-css-av-lo2ujw-0402eecf58978788dbdd428f20d3e9d5\">\n.flex_column.av-lo2ujw-0402eecf58978788dbdd428f20d3e9d5{\n-webkit-border-radius:0px 0px 0px 0px;\n-moz-border-radius:0px 0px 0px 0px;\nborder-radius:0px 0px 0px 0px;\npadding:0px 0px 0px 0px;\n}\n<\/style>\n<div class='flex_column av-lo2ujw-0402eecf58978788dbdd428f20d3e9d5 av_one_half  avia-builder-el-1  avia-builder-el-no-sibling  first flex_column_div av-zero-column-padding '     ><section  class='av_textblock_section av-lc7ogs-0f8f95ea866f672fc42c710a7fb01fcd'  itemscope=\"itemscope\" itemtype=\"https:\/\/schema.org\/CreativeWork\" ><div class='avia_textblock'  itemprop=\"text\" ><p>Fundici\u00f3n Inyectada:<br \/>\nCalidad, Precios Competitivos<\/p>\n<\/div><\/section><\/div>\n<\/div><\/div><\/main><!-- close content main element --><\/div><\/div><div id='after_section_1'  class='main_color av_default_container_wrap container_wrap sidebar_right'  ><div class='container av-section-cont-open' ><div class='template-page content  av-content-small alpha units'><div class='post-entry post-entry-type-page post-entry-3388'><div class='entry-content-wrapper clearfix'>\n\n<style type=\"text\/css\" data-created_by=\"avia_inline_auto\" id=\"style-css-av-jqus1o-791e3182459c2de8e7d2fc3a005d26f2\">\n.flex_column.av-jqus1o-791e3182459c2de8e7d2fc3a005d26f2{\n-webkit-border-radius:0px 0px 0px 0px;\n-moz-border-radius:0px 0px 0px 0px;\nborder-radius:0px 0px 0px 0px;\npadding:0px 0px 0px 0px;\n}\n<\/style>\n<div class='flex_column av-jqus1o-791e3182459c2de8e7d2fc3a005d26f2 av_one_half  avia-builder-el-3  el_after_av_section  el_before_av_one_half  avia-builder-el-first  first flex_column_div av-zero-column-padding '     ><div  class='avia-slideshow av-hel330-06fc869b232af0b30be63f21391df522 avia-slideshow-portfolio av_slideshow avia-slide-slider  avia-builder-el-4  avia-builder-el-no-sibling  av-slideshow-ui av-control-default av-slideshow-autoplay av-loop-endless av-loop-manual-endless av-default-height-applied avia-slideshow-1' data-slideshow-options=\"{&quot;animation&quot;:&quot;slide&quot;,&quot;autoplay&quot;:true,&quot;loop_autoplay&quot;:&quot;endless&quot;,&quot;interval&quot;:4,&quot;loop_manual&quot;:&quot;manual-endless&quot;,&quot;autoplay_stopper&quot;:false,&quot;noNavigation&quot;:false,&quot;bg_slider&quot;:false,&quot;keep_padding&quot;:false,&quot;hoverpause&quot;:false,&quot;show_slide_delay&quot;:0}\"  itemprop=\"image\" itemscope=\"itemscope\" itemtype=\"https:\/\/schema.org\/ImageObject\" ><ul class='avia-slideshow-inner ' style='padding-bottom: 80.808080808081%;'><li  class='avia-slideshow-slide av-hel330-06fc869b232af0b30be63f21391df522__0  slide-1 slide-odd'><div data-rel='slideshow-1' class='avia-slide-wrap '   ><img decoding=\"async\" class=\"wp-image-4439 avia-img-lazy-loading-not-4439\"  src=\"https:\/\/www.fiasa.es\/wp-content\/uploads\/2019\/06\/fiasa-fundicion-inyectada-8606-495x400.jpg\" width=\"495\" height=\"400\" title='Fiasa fundicion inyectada' alt='Fiasa fundicion inyectada'  itemprop=\"thumbnailUrl\"   \/><\/div><\/li><li  class='avia-slideshow-slide av-hel330-06fc869b232af0b30be63f21391df522__1  slide-2 slide-even'><div data-rel='slideshow-1' class='avia-slide-wrap '   ><img decoding=\"async\" class=\"wp-image-4436 avia-img-lazy-loading-not-4436\"  src=\"https:\/\/www.fiasa.es\/wp-content\/uploads\/2019\/06\/fiasa-fundicion-inyectada-8006-495x400.jpg\" width=\"495\" height=\"400\" title='Fiasa fundicion inyectada' alt='Fiasa fundicion inyectada'  itemprop=\"thumbnailUrl\"   \/><\/div><\/li><li  class='avia-slideshow-slide av-hel330-06fc869b232af0b30be63f21391df522__2  slide-3 slide-odd'><div data-rel='slideshow-1' class='avia-slide-wrap '   ><img decoding=\"async\" class=\"wp-image-3824 avia-img-lazy-loading-not-3824\"  src=\"https:\/\/www.fiasa.es\/wp-content\/uploads\/2016\/02\/FUNDICION-INYECTADA-Fiasa-119-495x400.jpg\" width=\"495\" height=\"400\" title='FUNDICION-INYECTADA-FIASA-119' alt=''  itemprop=\"thumbnailUrl\"   \/><\/div><\/li><li  class='avia-slideshow-slide av-hel330-06fc869b232af0b30be63f21391df522__3  slide-4 slide-even'><div data-rel='slideshow-1' class='avia-slide-wrap '   ><img decoding=\"async\" class=\"wp-image-4407 avia-img-lazy-loading-not-4407\"  src=\"https:\/\/www.fiasa.es\/wp-content\/uploads\/2019\/06\/FUNDICION-INYECTADA-Fiasa-115-495x400.jpg\" width=\"495\" height=\"400\" title='FUNDICION-INYECTADA-FIASA-115' alt=''  itemprop=\"thumbnailUrl\"   \/><\/div><\/li><li  class='avia-slideshow-slide av-hel330-06fc869b232af0b30be63f21391df522__4  slide-5 slide-odd'><div data-rel='slideshow-1' class='avia-slide-wrap '   ><img decoding=\"async\" class=\"wp-image-3972 avia-img-lazy-loading-not-3972\"  src=\"https:\/\/www.fiasa.es\/wp-content\/uploads\/2016\/02\/FUNDICION-INYECTADA-Fiasa-4-495x400.jpg\" width=\"495\" height=\"400\" title='FUNDICION-INYECTADA-FIASA-4' alt='Fundici\u00f3n inyectada'  itemprop=\"thumbnailUrl\"   \/><\/div><\/li><li  class='avia-slideshow-slide av-hel330-06fc869b232af0b30be63f21391df522__5  slide-6 slide-even'><div data-rel='slideshow-1' class='avia-slide-wrap '   ><img decoding=\"async\" class=\"wp-image-3976 avia-img-lazy-loading-not-3976\"  src=\"https:\/\/www.fiasa.es\/wp-content\/uploads\/2016\/02\/FUNDICION-INYECTADA-Fiasa-5-495x400.jpg\" width=\"495\" height=\"400\" title='FUNDICION-INYECTADA-FIASA-5' alt=''  itemprop=\"thumbnailUrl\" srcset=\"https:\/\/www.fiasa.es\/wp-content\/uploads\/2016\/02\/FUNDICION-INYECTADA-Fiasa-5-495x400.jpg 495w, https:\/\/www.fiasa.es\/wp-content\/uploads\/2016\/02\/FUNDICION-INYECTADA-Fiasa-5-845x684.jpg 845w\" sizes=\"(max-width: 495px) 100vw, 495px\" \/><\/div><\/li><li  class='avia-slideshow-slide av-hel330-06fc869b232af0b30be63f21391df522__6  slide-7 slide-odd'><div data-rel='slideshow-1' class='avia-slide-wrap '   ><img decoding=\"async\" class=\"wp-image-3984 avia-img-lazy-loading-not-3984\"  src=\"https:\/\/www.fiasa.es\/wp-content\/uploads\/2016\/02\/FUNDICION-INYECTADA-Fiasa-7.jpg\" width=\"494\" height=\"327\" title='FUNDICION-INYECTADA-FIASA-7' alt=''  itemprop=\"thumbnailUrl\" srcset=\"https:\/\/www.fiasa.es\/wp-content\/uploads\/2016\/02\/FUNDICION-INYECTADA-Fiasa-7.jpg 494w, https:\/\/www.fiasa.es\/wp-content\/uploads\/2016\/02\/FUNDICION-INYECTADA-Fiasa-7-300x199.jpg 300w, https:\/\/www.fiasa.es\/wp-content\/uploads\/2016\/02\/FUNDICION-INYECTADA-Fiasa-7-450x298.jpg 450w\" sizes=\"(max-width: 494px) 100vw, 494px\" \/><\/div><\/li><li  class='avia-slideshow-slide av-hel330-06fc869b232af0b30be63f21391df522__7  slide-8 slide-even'><div data-rel='slideshow-1' class='avia-slide-wrap '   ><img decoding=\"async\" class=\"wp-image-4430 avia-img-lazy-loading-not-4430\"  src=\"https:\/\/www.fiasa.es\/wp-content\/uploads\/2019\/06\/fiasa-maquinabuhler-495x400.png\" width=\"495\" height=\"400\" title='Fiasa maquinabuhler' alt='Fiasa maquinabuhler'  itemprop=\"thumbnailUrl\"   \/><\/div><\/li><\/ul><div class='avia-slideshow-arrows avia-slideshow-controls' ><a href='#prev' class='prev-slide ' aria-hidden='true' data-av_icon='\ue87c' data-av_iconfont='entypo-fontello'  tabindex='-1'>Anterior<\/a><a href='#next' class='next-slide ' aria-hidden='true' data-av_icon='\ue87d' data-av_iconfont='entypo-fontello'  tabindex='-1'>Posterior<\/a><\/div><div class='avia-slideshow-dots avia-slideshow-controls'><a href='#1' class='goto-slide active' >1<\/a><a href='#2' class='goto-slide ' >2<\/a><a href='#3' class='goto-slide ' >3<\/a><a href='#4' class='goto-slide ' >4<\/a><a href='#5' class='goto-slide ' >5<\/a><a href='#6' class='goto-slide ' >6<\/a><a href='#7' class='goto-slide ' >7<\/a><a href='#8' class='goto-slide ' >8<\/a><\/div><\/div><\/div>\n<style type=\"text\/css\" data-created_by=\"avia_inline_auto\" id=\"style-css-av-4mh32k-749a1e7f9bb3610dc0d31c3484e5887c\">\n.flex_column.av-4mh32k-749a1e7f9bb3610dc0d31c3484e5887c{\n-webkit-border-radius:0px 0px 0px 0px;\n-moz-border-radius:0px 0px 0px 0px;\nborder-radius:0px 0px 0px 0px;\npadding:0px 0px 0px 0px;\n}\n<\/style>\n<div class='flex_column av-4mh32k-749a1e7f9bb3610dc0d31c3484e5887c av_one_half  avia-builder-el-5  el_after_av_one_half  avia-builder-el-last  flex_column_div av-zero-column-padding '     ><section  class='av_textblock_section av-2mts4s-dca42f0701d5511eb0e7e32fedbfbe9c'  itemscope=\"itemscope\" itemtype=\"https:\/\/schema.org\/CreativeWork\" ><div class='avia_textblock'  itemprop=\"text\" ><h1>FIASA &#8211; Fundici\u00f3n Inyectada<\/h1>\n<p>Fundimos piezas con altas exigencias de calidad en grandes series, en islas totalmente automatizadas, con <strong>m\u00e1quinas de 500 &#8211; 1.800 tn de fuerza de cierre<\/strong>.<\/p>\n<p>Entre otros utilizamos:<\/p>\n<ul>\n<li>Diferentes m\u00e9todos de evacuaci\u00f3n de aire<\/li>\n<li>Compactaci\u00f3n local<\/li>\n<li>Jet Cooling<\/li>\n<li>Integraci\u00f3n automatizada de insertos en el proceso de fundici\u00f3n<\/li>\n<li>Rebabado robotizado<\/li>\n<li>Diferentes trabajos de mecanizado<\/li>\n<\/ul>\n<p>Nuestro <strong>alto grado de automatizaci\u00f3n<\/strong> y <strong>controles permanentes<\/strong> de proceso nos permiten obtener una muy r\u00e1pida actuaci\u00f3n entre detecci\u00f3n de fallos e identificaci\u00f3n de causa.<\/p>\n<\/div><\/section><\/div><\/p>\n","protected":false},"excerpt":{"rendered":"","protected":false},"author":1,"featured_media":0,"parent":0,"menu_order":0,"comment_status":"closed","ping_status":"closed","template":"","meta":{"footnotes":""},"class_list":["post-3388","page","type-page","status-publish","hentry"],"yoast_head":"<!-- This site is optimized with the Yoast SEO plugin v27.2 - https:\/\/yoast.com\/product\/yoast-seo-wordpress\/ -->\n<title>Fundici\u00f3n inyectada - FIASA<\/title>\n<meta name=\"robots\" content=\"index, follow, max-snippet:-1, max-image-preview:large, max-video-preview:-1\" \/>\n<link rel=\"canonical\" href=\"https:\/\/www.fiasa.es\/es\/fundicion-inyectada\/\" \/>\n<meta property=\"og:locale\" content=\"es_ES\" \/>\n<meta property=\"og:type\" content=\"article\" \/>\n<meta property=\"og:title\" content=\"Fundici\u00f3n inyectada - FIASA\" \/>\n<meta property=\"og:url\" content=\"https:\/\/www.fiasa.es\/es\/fundicion-inyectada\/\" \/>\n<meta property=\"og:site_name\" content=\"FIASA\" \/>\n<meta property=\"article:modified_time\" content=\"2019-06-18T08:39:53+00:00\" \/>\n<meta name=\"twitter:card\" content=\"summary_large_image\" \/>\n<meta name=\"twitter:label1\" content=\"Tiempo de lectura\" \/>\n\t<meta name=\"twitter:data1\" content=\"4 minutos\" \/>\n<script type=\"application\/ld+json\" class=\"yoast-schema-graph\">{\"@context\":\"https:\/\/schema.org\",\"@graph\":[{\"@type\":\"WebPage\",\"@id\":\"https:\/\/www.fiasa.es\/es\/fundicion-inyectada\/\",\"url\":\"https:\/\/www.fiasa.es\/es\/fundicion-inyectada\/\",\"name\":\"Fundici\u00f3n inyectada - FIASA\",\"isPartOf\":{\"@id\":\"https:\/\/www.fiasa.es\/es\/#website\"},\"datePublished\":\"2016-02-08T16:37:58+00:00\",\"dateModified\":\"2019-06-18T08:39:53+00:00\",\"breadcrumb\":{\"@id\":\"https:\/\/www.fiasa.es\/es\/fundicion-inyectada\/#breadcrumb\"},\"inLanguage\":\"es\",\"potentialAction\":[{\"@type\":\"ReadAction\",\"target\":[\"https:\/\/www.fiasa.es\/es\/fundicion-inyectada\/\"]}]},{\"@type\":\"BreadcrumbList\",\"@id\":\"https:\/\/www.fiasa.es\/es\/fundicion-inyectada\/#breadcrumb\",\"itemListElement\":[{\"@type\":\"ListItem\",\"position\":1,\"name\":\"Portada\",\"item\":\"https:\/\/www.fiasa.es\/es\/\"},{\"@type\":\"ListItem\",\"position\":2,\"name\":\"Fundici\u00f3n inyectada\"}]},{\"@type\":\"WebSite\",\"@id\":\"https:\/\/www.fiasa.es\/es\/#website\",\"url\":\"https:\/\/www.fiasa.es\/es\/\",\"name\":\"FIASA\",\"description\":\"Aluminio fundido para la industria del autom\u00f3vil\",\"potentialAction\":[{\"@type\":\"SearchAction\",\"target\":{\"@type\":\"EntryPoint\",\"urlTemplate\":\"https:\/\/www.fiasa.es\/es\/?s={search_term_string}\"},\"query-input\":{\"@type\":\"PropertyValueSpecification\",\"valueRequired\":true,\"valueName\":\"search_term_string\"}}],\"inLanguage\":\"es\"}]}<\/script>\n<!-- \/ Yoast SEO plugin. -->","yoast_head_json":{"title":"Fundici\u00f3n inyectada - FIASA","robots":{"index":"index","follow":"follow","max-snippet":"max-snippet:-1","max-image-preview":"max-image-preview:large","max-video-preview":"max-video-preview:-1"},"canonical":"https:\/\/www.fiasa.es\/es\/fundicion-inyectada\/","og_locale":"es_ES","og_type":"article","og_title":"Fundici\u00f3n inyectada - FIASA","og_url":"https:\/\/www.fiasa.es\/es\/fundicion-inyectada\/","og_site_name":"FIASA","article_modified_time":"2019-06-18T08:39:53+00:00","twitter_card":"summary_large_image","twitter_misc":{"Tiempo de lectura":"4 minutos"},"schema":{"@context":"https:\/\/schema.org","@graph":[{"@type":"WebPage","@id":"https:\/\/www.fiasa.es\/es\/fundicion-inyectada\/","url":"https:\/\/www.fiasa.es\/es\/fundicion-inyectada\/","name":"Fundici\u00f3n inyectada - FIASA","isPartOf":{"@id":"https:\/\/www.fiasa.es\/es\/#website"},"datePublished":"2016-02-08T16:37:58+00:00","dateModified":"2019-06-18T08:39:53+00:00","breadcrumb":{"@id":"https:\/\/www.fiasa.es\/es\/fundicion-inyectada\/#breadcrumb"},"inLanguage":"es","potentialAction":[{"@type":"ReadAction","target":["https:\/\/www.fiasa.es\/es\/fundicion-inyectada\/"]}]},{"@type":"BreadcrumbList","@id":"https:\/\/www.fiasa.es\/es\/fundicion-inyectada\/#breadcrumb","itemListElement":[{"@type":"ListItem","position":1,"name":"Portada","item":"https:\/\/www.fiasa.es\/es\/"},{"@type":"ListItem","position":2,"name":"Fundici\u00f3n inyectada"}]},{"@type":"WebSite","@id":"https:\/\/www.fiasa.es\/es\/#website","url":"https:\/\/www.fiasa.es\/es\/","name":"FIASA","description":"Aluminio fundido para la industria del autom\u00f3vil","potentialAction":[{"@type":"SearchAction","target":{"@type":"EntryPoint","urlTemplate":"https:\/\/www.fiasa.es\/es\/?s={search_term_string}"},"query-input":{"@type":"PropertyValueSpecification","valueRequired":true,"valueName":"search_term_string"}}],"inLanguage":"es"}]}},"_links":{"self":[{"href":"https:\/\/www.fiasa.es\/es\/wp-json\/wp\/v2\/pages\/3388","targetHints":{"allow":["GET"]}}],"collection":[{"href":"https:\/\/www.fiasa.es\/es\/wp-json\/wp\/v2\/pages"}],"about":[{"href":"https:\/\/www.fiasa.es\/es\/wp-json\/wp\/v2\/types\/page"}],"author":[{"embeddable":true,"href":"https:\/\/www.fiasa.es\/es\/wp-json\/wp\/v2\/users\/1"}],"replies":[{"embeddable":true,"href":"https:\/\/www.fiasa.es\/es\/wp-json\/wp\/v2\/comments?post=3388"}],"version-history":[{"count":13,"href":"https:\/\/www.fiasa.es\/es\/wp-json\/wp\/v2\/pages\/3388\/revisions"}],"predecessor-version":[{"id":4442,"href":"https:\/\/www.fiasa.es\/es\/wp-json\/wp\/v2\/pages\/3388\/revisions\/4442"}],"wp:attachment":[{"href":"https:\/\/www.fiasa.es\/es\/wp-json\/wp\/v2\/media?parent=3388"}],"curies":[{"name":"wp","href":"https:\/\/api.w.org\/{rel}","templated":true}]}}