{"id":4620,"date":"2021-11-29T13:19:50","date_gmt":"2021-11-29T12:19:50","guid":{"rendered":"https:\/\/www.fiasa.es\/?page_id=4620"},"modified":"2022-08-02T08:48:15","modified_gmt":"2022-08-02T06:48:15","slug":"aviso-legal","status":"publish","type":"page","link":"https:\/\/www.fiasa.es\/es\/aviso-legal\/","title":{"rendered":"Aviso legal"},"content":{"rendered":"\n<style type=\"text\/css\" data-created_by=\"avia_inline_auto\" id=\"style-css-av-87zibk-f9b507ac9d583e7689df1c835629522f\">\n.avia-section.av-87zibk-f9b507ac9d583e7689df1c835629522f{\nbackground-repeat:no-repeat;\nbackground-image:url(https:\/\/www.fiasa.es\/wp-content\/uploads\/2016\/02\/Fiasa-fondo-1.jpg);\nbackground-position:50% 100%;\nbackground-attachment:scroll;\n}\n<\/style>\n<div id='fondo-cabecera'  class='avia-section av-87zibk-f9b507ac9d583e7689df1c835629522f main_color avia-section-default avia-no-shadow  avia-builder-el-0  el_before_av_textblock  avia-builder-el-first  avia-full-stretch avia-bg-style-scroll av-minimum-height av-minimum-height-25  container_wrap sidebar_right'  data-section-bg-repeat='stretch' data-av_minimum_height_pc='25'><div class='container av-section-cont-open' ><main  role=\"main\" itemprop=\"mainContentOfPage\"  class='template-page content  av-content-small alpha units'><div class='post-entry post-entry-type-page post-entry-4620'><div class='entry-content-wrapper clearfix'>\n\n<style type=\"text\/css\" data-created_by=\"avia_inline_auto\" id=\"style-css-av-63kqjk-68f3577fd08fb0b9ad08bc9efca02727\">\n.flex_column.av-63kqjk-68f3577fd08fb0b9ad08bc9efca02727{\n-webkit-border-radius:0px 0px 0px 0px;\n-moz-border-radius:0px 0px 0px 0px;\nborder-radius:0px 0px 0px 0px;\npadding:0px 0px 0px 0px;\n}\n<\/style>\n<div class='flex_column av-63kqjk-68f3577fd08fb0b9ad08bc9efca02727 av_one_half  avia-builder-el-1  avia-builder-el-no-sibling  first flex_column_div av-zero-column-padding '     ><section  class='av_textblock_section av-40ielc-483648d754b557382adbe6404c43b930'  itemscope=\"itemscope\" itemtype=\"https:\/\/schema.org\/CreativeWork\" ><div class='avia_textblock'  itemprop=\"text\" ><p>Tus datos seguros<\/p>\n<\/div><\/section><\/div>\n<\/div><\/div><\/main><!-- close content main element --><\/div><\/div><div id='after_section_1'  class='main_color av_default_container_wrap container_wrap sidebar_right'  ><div class='container av-section-cont-open' ><div class='template-page content  av-content-small alpha units'><div class='post-entry post-entry-type-page post-entry-4620'><div class='entry-content-wrapper clearfix'>\n<section  class='av_textblock_section av-32sew0-d7cfec45e1eb5279708c5da888775e1a'  itemscope=\"itemscope\" itemtype=\"https:\/\/schema.org\/CreativeWork\" ><div class='avia_textblock'  itemprop=\"text\" ><h1>Aviso legal<\/h1>\n<div>\n<h2><u>1.- Informaci\u00f3n general<\/u><\/h2>\n<p>E El presente Sitio Web, es titularidad de FUNDICIONES INYECTADAS ALAVESAS, S.A. C\/ La Haya n\u00ba12 Pol\u00edgono Industrial Subillabide Nanclares de Oca (\u00c1lava) y CIF A01007764; inscrita en el Registro Mercantil de Alava al Tomo 1221 , Folio 112, Secci\u00f3n 8, Hoja VI 1649<\/p>\n<p>El presente aviso legal se aplica a cualesquiera subdominios, microsites y\/o subapartados contenidos en este sitio web, propiedad exclusiva de FIASA<\/p>\n<p>Al usar este sitio web as\u00ed como cualesquiera subdominios, microsites y\/o subapartados contenidos en este, se entender\u00e1 que usted ha le\u00eddo, entendido y aceptado, sin limitaci\u00f3n ni reserva alguna, las condiciones de uso recogidas en este Aviso Legal as\u00ed como la Pol\u00edtica de Privacidad que est\u00e1 a su disposici\u00f3n en este mismo sitio web y cuya lectura le recomendamos expresamente, constituyendo el uso del mismo la expresa y plena aceptaci\u00f3n tanto del Aviso Legal como Pol\u00edtica de Privacidad en la versi\u00f3n que se encuentre publicada en el momento de acceso<\/p>\n<h3><u>1.2.- Idioma.- <\/u><\/h3>\n<p>En caso de que traduzcamos este Aviso Legal, nuestra Pol\u00edtica de privacidad, o cualesquiera otras normas de uso, pol\u00edticas y procedimientos que pudieran publicarse cada cierto tiempo en este sitio web, si existe discrepancia entre la versi\u00f3n en espa\u00f1ol y una versi\u00f3n traducida, prevalecer\u00e1 la versi\u00f3n en espa\u00f1ol.<\/p>\n<h2><u>2.- <\/u><u>Derechos de propiedad intelectual y\/o industrial<\/u><\/h2>\n<p>El titular del contenido y de los elementos que conforman el presente Sitio Web es FIASA perteneci\u00e9ndole en consecuencia la propiedad intelectual e industrial del mismo y en particular de todos los c\u00f3digos fuente, textos, im\u00e1genes, dise\u00f1o, logos, programas inform\u00e1ticos, animaciones, bases de datos, marcas, nombre comercial o signo distintivo, sonidos y dem\u00e1s elementos gr\u00e1ficos o sonoros de las p\u00e1ginas del Sitio Web. Esta enumeraci\u00f3n no constituye un listado cerrado sino ejemplificativo y dichos elementos se encuentran debidamente protegidos de conformidad con la normativa espa\u00f1ola e internacional sobre Propiedad Intelectual e Industrial.<\/p>\n<p>El Usuario se obliga a usar los contenidos de forma diligente y correcta, de acuerdo a la ley, la moral y el orden p\u00fablico. FIASA autoriza al Usuario para visualizar la informaci\u00f3n que se contiene en este sitio web, as\u00ed como para efectuar reproducciones privadas (simple actividad de descarga y almacenamiento en sus sistemas inform\u00e1ticos), siempre y cuando los elementos sean destinados \u00fanicamente al uso personal, as\u00ed como su utilizaci\u00f3n exclusivamente con fines period\u00edsticos, siempre que, en ambos casos, se respete la integridad del mismo y se identifique que la fuente originaria ha sido el presente Sitio Web perteneciente a FIASA, quedando prohibido de manera expresa cualquier tipo de utilizaci\u00f3n sesgada y contraria a su naturaleza.<\/p>\n<p>Se proh\u00edbe, fuera de las finalidades establecidas expresamente en el p\u00e1rrafo anterior, la utilizaci\u00f3n del contenido del Sitio Web, y su distribuci\u00f3n, modificaci\u00f3n, cesi\u00f3n a terceros, as\u00ed como la reproducci\u00f3n, transformaci\u00f3n o comunicaci\u00f3n p\u00fablica, mediante cualquier medio y tecnolog\u00eda, requiri\u00e9ndose para ello el consentimiento previo y expreso de FIASA constituyendo cualquier actuaci\u00f3n contraria al presente texto una vulneraci\u00f3n de la normativa en materia de derechos de propiedad industrial e intelectual.<\/p>\n<p>Se permite no obstante, la utilizaci\u00f3n de este sitio web siempre y cuando se respete la integridad del mismo y se identifiquen que la fuente originaria ha sido el presente sitio web perteneciente a FIASA, quedando prohibido de manera expresa cualquier tipo de utilizaci\u00f3n sesgada y contraria a su naturaleza.<\/p>\n<p>FIASA se reserva el ejercicio de las acciones legales oportunas en defensa de sus derechos.<\/p>\n<h2><u>3.- Seguridad<\/u><\/h2>\n<p>En este sitio web utilizamos el protocolo HTTPS (SSL) para establecer un canal seguro de comunicaci\u00f3n entre el servidor y el usuario para el env\u00edo de sus datos personales. Prestar ese servicio a trav\u00e9s de un servidor seguro supone garantizar la confidencialidad de la informaci\u00f3n que se intercambia entre el ordenador del usuario y dicho servidor, ya que entre ambos se establece una conexi\u00f3n cifrada, utilizando el protocolo SSL, que imposibilita el acceso de terceros a la informaci\u00f3n enviada.<\/p>\n<h2><u>4.- Responsabilidad<\/u><\/h2>\n<ol>\n<li>a) Generalidades.<\/li>\n<\/ol>\n<p>El inter\u00e9s de FIASA es el de que este sitio web funcione con la m\u00e1xima eficacia y cumpla la finalidad para la que ha sido creado pero no se responsabiliza de los eventuales errores tipogr\u00e1ficos, formales o num\u00e9ricos que pueda contener el sitio web, ni de la exactitud de la informaci\u00f3n contenida en \u00e9l, ni de posibles disfunciones o anomal\u00edas en su funcionamiento.<\/p>\n<p>FIASA no garantiza que el sitio web y el servidor est\u00e9n libres de virus y no se hace responsable de los da\u00f1os causados por el acceso al sitio web o por la imposibilidad de acceder al mismo.<\/p>\n<p>El usuario se compromete a utilizar leal y leg\u00edtimamente este sitio web y de conformidad con las leyes y usos del tr\u00e1fico; igualmente se obliga a no llevar a cabo ninguna conducta que pueda da\u00f1ar la imagen, intereses o derechos de FIASA o de terceros o que pueda da\u00f1ar, inutilizar, sobrecargar o impedir de cualquier formar la normal utilizaci\u00f3n de este sitio web.<\/p>\n<p>FIASA se reserva el derecho de modificar los t\u00e9rminos y condiciones que aparecen en este sitio web as\u00ed como ampliar contenidos, informaciones, etc, en cualquier momento y sin previo aviso y, por tanto, aconseja su consulta con una periodicidad razonable por si se producen cambios en los mismos. Vd. deber\u00e1 leer y los nuevos avisos legales y condiciones de uso del sitio web que se pudieran incorporar. En caso contrario, deber\u00e1 abstenerse de su utilizaci\u00f3n y acceso, declinando toda responsabilidad FIASA que se reserva el derecho de suspender y terminar el acceso a los contenidos del Sitio Web, as\u00ed como de los servicios prestados desde el mismo.<\/p>\n<ol>\n<li>b) Links e hiperenlaces.<\/li>\n<\/ol>\n<p>Los sitios web propiedad de FIASA pueden facilitar el enlace o el acceso a otros recursos o sitios web de terceros, que consideramos puedan ser de su inter\u00e9s o son necesarios para la prestaci\u00f3n de algunos de los servicios de nuestros sitios web, pero en ning\u00fan caso dichos sitios web son controlados por nosotros.<\/p>\n<p>El objetivo de dichos enlaces puede ser, facilitar la b\u00fasqueda de los recursos que le puedan interesar a trav\u00e9s de Internet.<\/p>\n<p>No obstante, dichas p\u00e1ginas no le pertenecen a FIASA, ni hace una revisi\u00f3n de sus contenidos y, por ello, no puede hacerse responsable de los mismos, ni de los servicios en su caso prestados, que aparezcan y\/o est\u00e9n disponibles en dichos sitios, del funcionamiento de la p\u00e1gina enlazada, del uso y tratamiento de datos que \u00e9stas puedan hacer, de las posibles infracciones que, en su caso, puedan cometer o de los posibles da\u00f1os que puedan derivarse del acceso o uso de la misma, no implicando la existencia del enlace relaci\u00f3n alguna entre la FIASA y las personas o entidades titulares de tales contenidos o de los sitios donde se encuentren.<\/p>\n<p>Por tanto, FIASA no asume ning\u00fan tipo de responsabilidad relativa a los sitios enlazados, ni responde de su funcionamiento, de los contenidos y servicios alojados en los mismos ni de los posibles enlaces a su vez contenidos en dichos sitios enlazados.<\/p>\n<p>Recomendamos encarecidamente leer los correspondientes avisos legales y, muy especialmente, las pol\u00edticas de privacidad de dichas p\u00e1ginas antes de introducir sus datos personales en las mismas y en caso de duda le recomendamos que se ponga en contacto directamente con dichos sitios para obtener m\u00e1s informaci\u00f3n sobre sus pol\u00edticas de privacidad.<\/p>\n<p>Si el usuario tuviese conocimiento de cualquier ilicitud o inadecuaci\u00f3n de los contenidos, servicios o cualesquiera otras actividades desarrolladas a trav\u00e9s de un sitio enlazado, deber\u00e1 comunicarlo inmediatamente a FIASA para que \u00e9sta, en su caso, pueda adoptar las medidas que estime oportunas.<\/p>\n<p>Queda expresamente prohibida tanto la presentaci\u00f3n de una p\u00e1gina del sitio web <a href=\"http:\/\/www.fiasa.es\">www.fiasa.es<\/a> en otro que no pertenezca a FIASA (mediante la t\u00e9cnica conocida como \u201cframing\u201d o cualquier otra a los mismos o an\u00e1logos efectos), como la inserci\u00f3n de cualquier tipo de contenido difundido a trav\u00e9s de <a href=\"http:\/\/www.fiasa.es\">www.fiasa.es<\/a> en otro sitio web distinto a \u00e9ste mediante la t\u00e9cnica denominada \u201cin line linking\u201d, o cualquier otra a los mismos o an\u00e1logos efectos, sin el consentimiento expreso de FIASA<\/p>\n<p>Al utilizar este sitio web, consideramos que el usuario ha le\u00eddo este documento cuidadosamente y que ha entendido y seguido sus consejos. En caso de que el usuario no est\u00e9 de acuerdo con esta pol\u00edtica de protecci\u00f3n de datos o con los consejos que a trav\u00e9s de la misma se dan, por favor no utilice nuestra p\u00e1gina web.<\/p>\n<h2><u>5.- Jurisdicci\u00f3n y competencia.-<\/u><\/h2>\n<p>En el supuesto de conflicto o disputa respecto a la interpretaci\u00f3n de las presentes condiciones, as\u00ed como sobre cualquier extremo relacionado con los servicios del presente Sitio Web la Jurisdicci\u00f3n y Normativa aplicable ser\u00e1 la espa\u00f1ola, mientras que los Tribunales competentes ser\u00e1n los de Vitoria<strong>.<\/strong><\/p>\n<\/div>\n<\/div><\/section>\n","protected":false},"excerpt":{"rendered":"","protected":false},"author":1,"featured_media":0,"parent":0,"menu_order":0,"comment_status":"closed","ping_status":"closed","template":"","meta":{"footnotes":""},"class_list":["post-4620","page","type-page","status-publish","hentry"],"yoast_head":"<!-- This site is optimized with the Yoast SEO plugin v27.2 - https:\/\/yoast.com\/product\/yoast-seo-wordpress\/ -->\n<title>Aviso legal - FIASA<\/title>\n<meta name=\"robots\" content=\"index, follow, max-snippet:-1, max-image-preview:large, max-video-preview:-1\" \/>\n<link rel=\"canonical\" href=\"https:\/\/www.fiasa.es\/es\/aviso-legal\/\" \/>\n<meta property=\"og:locale\" content=\"es_ES\" \/>\n<meta property=\"og:type\" content=\"article\" \/>\n<meta property=\"og:title\" content=\"Aviso legal - FIASA\" \/>\n<meta property=\"og:url\" content=\"https:\/\/www.fiasa.es\/es\/aviso-legal\/\" \/>\n<meta property=\"og:site_name\" content=\"FIASA\" \/>\n<meta property=\"article:modified_time\" content=\"2022-08-02T06:48:15+00:00\" \/>\n<meta name=\"twitter:card\" content=\"summary_large_image\" \/>\n<meta name=\"twitter:label1\" content=\"Tiempo de lectura\" \/>\n\t<meta name=\"twitter:data1\" content=\"9 minutos\" \/>\n<script type=\"application\/ld+json\" class=\"yoast-schema-graph\">{\"@context\":\"https:\/\/schema.org\",\"@graph\":[{\"@type\":\"WebPage\",\"@id\":\"https:\/\/www.fiasa.es\/es\/aviso-legal\/\",\"url\":\"https:\/\/www.fiasa.es\/es\/aviso-legal\/\",\"name\":\"Aviso legal - FIASA\",\"isPartOf\":{\"@id\":\"https:\/\/www.fiasa.es\/es\/#website\"},\"datePublished\":\"2021-11-29T12:19:50+00:00\",\"dateModified\":\"2022-08-02T06:48:15+00:00\",\"breadcrumb\":{\"@id\":\"https:\/\/www.fiasa.es\/es\/aviso-legal\/#breadcrumb\"},\"inLanguage\":\"es\",\"potentialAction\":[{\"@type\":\"ReadAction\",\"target\":[\"https:\/\/www.fiasa.es\/es\/aviso-legal\/\"]}]},{\"@type\":\"BreadcrumbList\",\"@id\":\"https:\/\/www.fiasa.es\/es\/aviso-legal\/#breadcrumb\",\"itemListElement\":[{\"@type\":\"ListItem\",\"position\":1,\"name\":\"Portada\",\"item\":\"https:\/\/www.fiasa.es\/es\/\"},{\"@type\":\"ListItem\",\"position\":2,\"name\":\"Aviso legal\"}]},{\"@type\":\"WebSite\",\"@id\":\"https:\/\/www.fiasa.es\/es\/#website\",\"url\":\"https:\/\/www.fiasa.es\/es\/\",\"name\":\"FIASA\",\"description\":\"Aluminio fundido para la industria del autom\u00f3vil\",\"potentialAction\":[{\"@type\":\"SearchAction\",\"target\":{\"@type\":\"EntryPoint\",\"urlTemplate\":\"https:\/\/www.fiasa.es\/es\/?s={search_term_string}\"},\"query-input\":{\"@type\":\"PropertyValueSpecification\",\"valueRequired\":true,\"valueName\":\"search_term_string\"}}],\"inLanguage\":\"es\"}]}<\/script>\n<!-- \/ Yoast SEO plugin. -->","yoast_head_json":{"title":"Aviso legal - FIASA","robots":{"index":"index","follow":"follow","max-snippet":"max-snippet:-1","max-image-preview":"max-image-preview:large","max-video-preview":"max-video-preview:-1"},"canonical":"https:\/\/www.fiasa.es\/es\/aviso-legal\/","og_locale":"es_ES","og_type":"article","og_title":"Aviso legal - FIASA","og_url":"https:\/\/www.fiasa.es\/es\/aviso-legal\/","og_site_name":"FIASA","article_modified_time":"2022-08-02T06:48:15+00:00","twitter_card":"summary_large_image","twitter_misc":{"Tiempo de lectura":"9 minutos"},"schema":{"@context":"https:\/\/schema.org","@graph":[{"@type":"WebPage","@id":"https:\/\/www.fiasa.es\/es\/aviso-legal\/","url":"https:\/\/www.fiasa.es\/es\/aviso-legal\/","name":"Aviso legal - FIASA","isPartOf":{"@id":"https:\/\/www.fiasa.es\/es\/#website"},"datePublished":"2021-11-29T12:19:50+00:00","dateModified":"2022-08-02T06:48:15+00:00","breadcrumb":{"@id":"https:\/\/www.fiasa.es\/es\/aviso-legal\/#breadcrumb"},"inLanguage":"es","potentialAction":[{"@type":"ReadAction","target":["https:\/\/www.fiasa.es\/es\/aviso-legal\/"]}]},{"@type":"BreadcrumbList","@id":"https:\/\/www.fiasa.es\/es\/aviso-legal\/#breadcrumb","itemListElement":[{"@type":"ListItem","position":1,"name":"Portada","item":"https:\/\/www.fiasa.es\/es\/"},{"@type":"ListItem","position":2,"name":"Aviso legal"}]},{"@type":"WebSite","@id":"https:\/\/www.fiasa.es\/es\/#website","url":"https:\/\/www.fiasa.es\/es\/","name":"FIASA","description":"Aluminio fundido para la industria del autom\u00f3vil","potentialAction":[{"@type":"SearchAction","target":{"@type":"EntryPoint","urlTemplate":"https:\/\/www.fiasa.es\/es\/?s={search_term_string}"},"query-input":{"@type":"PropertyValueSpecification","valueRequired":true,"valueName":"search_term_string"}}],"inLanguage":"es"}]}},"_links":{"self":[{"href":"https:\/\/www.fiasa.es\/es\/wp-json\/wp\/v2\/pages\/4620","targetHints":{"allow":["GET"]}}],"collection":[{"href":"https:\/\/www.fiasa.es\/es\/wp-json\/wp\/v2\/pages"}],"about":[{"href":"https:\/\/www.fiasa.es\/es\/wp-json\/wp\/v2\/types\/page"}],"author":[{"embeddable":true,"href":"https:\/\/www.fiasa.es\/es\/wp-json\/wp\/v2\/users\/1"}],"replies":[{"embeddable":true,"href":"https:\/\/www.fiasa.es\/es\/wp-json\/wp\/v2\/comments?post=4620"}],"version-history":[{"count":4,"href":"https:\/\/www.fiasa.es\/es\/wp-json\/wp\/v2\/pages\/4620\/revisions"}],"predecessor-version":[{"id":4673,"href":"https:\/\/www.fiasa.es\/es\/wp-json\/wp\/v2\/pages\/4620\/revisions\/4673"}],"wp:attachment":[{"href":"https:\/\/www.fiasa.es\/es\/wp-json\/wp\/v2\/media?parent=4620"}],"curies":[{"name":"wp","href":"https:\/\/api.w.org\/{rel}","templated":true}]}}